{"id":23229,"date":"2025-04-13T17:39:23","date_gmt":"2025-04-13T17:39:23","guid":{"rendered":"https:\/\/researchchemicalstore.eu\/?post_type=product&#038;p=23229"},"modified":"2025-10-23T02:01:48","modified_gmt":"2025-10-23T02:01:48","slug":"3-ben-pcp","status":"publish","type":"product","link":"https:\/\/researchchemicalstore.eu\/tr\/urun\/3-ben-pcp\/","title":{"rendered":"3-Me-PCP (3-metilfensiklidin)"},"content":{"rendered":"<h1>3-Me-PCP (3-Metilfensiklidin) \u2013 Bilimsel \u00dcr\u00fcn A\u00e7\u0131klamas\u0131<\/h1>\n<h2>Giri\u015f ve Genel \u00d6zellikler<\/h2>\n<p>3-Me-PCP (3-Metilfensiklidin), arilsikloheksilamin s\u0131n\u0131f\u0131ndan bir ayr\u0131\u015fmal\u0131 ara\u015ft\u0131rma kimyasal\u0131d\u0131r. Fenil halkas\u0131n\u0131n 3. pozisyonundaki metil ikamesi, hem <a href=\"http:\/\/google.nl\" target=\"_blank\" rel=\"noopener\">o<\/a> Bile\u015fi\u011fin farmakokinetik ve farmakodinamik \u00f6zellikleri. Bu kimyasal yap\u0131, 3-Me-PCP&#039;yi resept\u00f6r etkile\u015fimleri, n\u00f6rokimyasal s\u00fcre\u00e7ler ve yap\u0131-aktivite ili\u015fkileri \u00fczerine ara\u015ft\u0131rmalar i\u00e7in \u00f6zellikle uygun hale getirir. Sadece profesyonel laboratuvar kullan\u0131m\u0131 i\u00e7in tasarlanm\u0131\u015ft\u0131r.<a href=\"https:\/\/researchchemicalstore.eu\/tr\/magaza\/pellets\/o-dsmt-50-mg-peletler\/\">O-DSMT 50 mg Peletleri<\/a><\/p>\n<h2>Kimyasal Tan\u0131mlama ve \u00d6zellikler<\/h2>\n<ul>\n<li><strong>IUPAC ad\u0131<\/strong>: 1-(1-(3-metilfenil)siklohekzil)piperidin<\/li>\n<li><strong>Molek\u00fcler form\u00fcl<\/strong>: C\u2081\u2088H\u2082\u2087N<\/li>\n<li><strong>Molek\u00fcler k\u00fctle<\/strong>: 257,42 g\/mol<\/li>\n<li><strong>Safl\u0131k<\/strong>: \u226599% (HPLC-MS ile do\u011fruland\u0131)<\/li>\n<li><strong>D\u0131\u015f g\u00f6r\u00fcn\u00fc\u015f<\/strong>: Beyaz ila a\u00e7\u0131k krem renkli kristal toz<\/li>\n<li><strong>\u00c7\u00f6z\u00fcn\u00fcrl\u00fck<\/strong>:\n<ul>\n<li>Metanol, etanol ve asetonda serbest\u00e7e \u00e7\u00f6z\u00fcn\u00fcr<\/li>\n<li>Suda az \u00e7\u00f6z\u00fcn\u00fcr<\/li>\n<\/ul>\n<\/li>\n<\/ul>\n<h2>Bilimsel Uygulama Alanlar\u0131<\/h2>\n<p>3-Me-PCP \u015fu durumlarda kullan\u0131l\u0131r:<\/p>\n<ul>\n<li>Resept\u00f6r ba\u011flanma \u00e7al\u0131\u015fmalar\u0131 (NMDA, sigma resept\u00f6rleri)<\/li>\n<li>N\u00f6rotransmitter etkile\u015fim analizi<\/li>\n<li>SAR (Yap\u0131-Aktivite \u0130li\u015fkisi) kar\u015f\u0131la\u015ft\u0131rmalar\u0131<\/li>\n<li>Farmakokinetik modelleme<\/li>\n<li>Molek\u00fcler yerle\u015ftirme ve ba\u011flanma \u00e7al\u0131\u015fmalar\u0131<\/li>\n<\/ul>\n<h2>Laboratuvar g\u00fcvenlik protokol\u00fc<\/h2>\n<ul>\n<li>Her zaman laboratuvar \u00f6nl\u00fc\u011f\u00fc, nitril eldiven ve g\u00fcvenlik g\u00f6zl\u00fc\u011f\u00fc kullan\u0131n<\/li>\n<li>\u00c7\u0131karma s\u0131ras\u0131nda zorunlu \u00e7al\u0131\u015fma (min. 0,5 m\/s)<\/li>\n<li>Solunmas\u0131 ve cilt temas\u0131ndan ka\u00e7\u0131n\u0131lmal\u0131d\u0131r.<\/li>\n<li>Kolayca ula\u015fabilece\u011finiz bir mesafede yang\u0131n s\u00f6nd\u00fcrme cihaz\u0131 ve g\u00f6z y\u0131kama istasyonu<\/li>\n<li>Maddelerle \u00e7al\u0131\u015f\u0131rken asla yaln\u0131z \u00e7al\u0131\u015fmay\u0131n<\/li>\n<\/ul>\n<h2>Depolama ve Stabilite Ko\u015fullar\u0131<\/h2>\n<ul>\n<li><strong>Uzun s\u00fcreli depolama<\/strong>: -20\u00b0C hava ge\u00e7irmez ambalajda<\/li>\n<li><strong>K\u0131sa s\u00fcreli kullan\u0131m<\/strong>: 2\u20138\u00b0C (maks. 2 hafta)<\/li>\n<li><strong>Ambalajlama<\/strong>Teflon contal\u0131 kehribar cam<\/li>\n<li><strong>Nem<\/strong>: &lt;30% RH, kurutucuyla birlikte saklay\u0131n<\/li>\n<li><strong>I\u015f\u0131\u011fa duyarl\u0131<\/strong>: UV ve parlak \u0131\u015f\u0131ktan ka\u00e7\u0131n\u0131n<\/li>\n<\/ul>\n<h2>Kalite G\u00fcvencesi ve Analitik Kontrol<\/h2>\n<p>Her parti a\u015fa\u011f\u0131dakiler a\u00e7\u0131s\u0131ndan kontrol edilir:<\/p>\n<ul>\n<li>HPLC tepe safl\u0131\u011f\u0131<\/li>\n<li>Gaz kromatografisi safl\u0131\u011f\u0131 (GC-MS)<\/li>\n<li>NMR do\u011frulamas\u0131 (\u00b9H ve \u00b9\u00b3C)<\/li>\n<li>Art\u0131k \u00e7\u00f6z\u00fcc\u00fcler ve a\u011f\u0131r metaller<\/li>\n<li>Kararl\u0131l\u0131k (Donma ko\u015fullar\u0131nda 24 ay)<\/li>\n<\/ul>\n<h2>Paketleme Se\u00e7enekleri ve Teslimat Ko\u015fullar\u0131<\/h2>\n<ul>\n<li><strong>250 mg<\/strong> \u2013 ara\u015ft\u0131rma \u00f6rne\u011fi<\/li>\n<li><strong>1 gr<\/strong> \u2013 standart laboratuvar \u00f6l\u00e7e\u011fi<\/li>\n<li><strong>5 gr<\/strong> \u2013 ara\u015ft\u0131rma programlar\u0131<\/li>\n<li><strong>10 gr<\/strong> \u2013 do\u011frulama \u00e7al\u0131\u015fmalar\u0131 i\u00e7in toplu format<\/li>\n<li>Talep \u00fczerine \u00f6zel miktarlar<\/li>\n<li>S\u0131cakl\u0131k kontroll\u00fc nakliye ve gizli etiketleme ile teslimat<\/li>\n<\/ul>\n<h2>Teknik Dok\u00fcmantasyon ve Destek<\/h2>\n<p>Teslimata dahil olanlar:<\/p>\n<ul>\n<li>Analiz Sertifikas\u0131 (COA)<a href=\"https:\/\/researchchemicalstore.eu\/tr\/magaza\/lizergamidler\/1cp-lsd\/\">1cP-LSD 150 MCG Sanat Emicileri<\/a><\/li>\n<li>Malzeme G\u00fcvenlik Bilgi Formu (MSDS)<a href=\"https:\/\/researchchemicalstore.eu\/tr\/magaza\/lizergamidler\/1vlsd\/\">1V-LSD 150 MCG Blotterlar<\/a><\/li>\n<li>\u00c7\u00f6z\u00fcn\u00fcrl\u00fck profili ve depolama y\u00f6nergeleri<\/li>\n<li>Spektral referanslar: FT-IR, NMR, LC-MS<\/li>\n<\/ul>\n<h2>D\u00fczenleyici \u00c7er\u00e7eve ve Uyumluluk<\/h2>\n<ul>\n<li>\u0130nsan veya hayvan t\u00fcketimi i\u00e7in tasarlanmam\u0131\u015ft\u0131r<\/li>\n<li>Sadece in vitro veya ex vivo ara\u015ft\u0131rmalar i\u00e7in<\/li>\n<li>Al\u0131c\u0131, ge\u00e7erli t\u00fcm yasa ve y\u00f6netmeliklere uymaktan sorumludur<\/li>\n<li>Sadece tan\u0131nm\u0131\u015f ara\u015ft\u0131rma kurumlar\u0131na teslimat<\/li>\n<li>\u0130hracat kontrol\u00fc ve son kullan\u0131c\u0131 beyan\u0131 gereklidir<\/li>\n<\/ul>\n<h2>Ara\u015ft\u0131rma Deste\u011fi ve Hizmeti<\/h2>\n<p>Desteklenenler:<\/p>\n<ul>\n<li>Analitik y\u00f6ntemlerin geli\u015ftirilmesi ve do\u011frulanmas\u0131<\/li>\n<li>Laboratuvar kurulumu ve reaktivite konusunda teknik tavsiyeler<\/li>\n<li>Literat\u00fcr referans\u0131 ve SAR analizleri<\/li>\n<li>Analitik s\u00fcre\u00e7lerde sorun giderme<\/li>\n<\/ul>\n<h2>Sonu\u00e7 ve Bilimsel De\u011fer<\/h2>\n<p>3-Me-PCP, arilsikloheksilamin ara\u015ft\u0131rmalar\u0131 alan\u0131na de\u011ferli bir katk\u0131d\u0131r. Fenil halkas\u0131ndaki metil grubu, benzersiz farmakolojik ve molek\u00fcler \u00f6zellikler sunarak onu \u00f6zellikle in vitro ve klinik \u00f6ncesi \u00e7al\u0131\u015fmalar i\u00e7in uygun hale getirir. Profesyonel kullan\u0131m i\u00e7in eksiksiz dok\u00fcmantasyon ve y\u00fcksek kalite garantisiyle birlikte sunulmaktad\u0131r.<\/p>","protected":false},"excerpt":{"rendered":"<h3>3-Me-PCP \u00f6zellikleri<\/h3>\n<p><strong>E\u015f anlaml\u0131s\u0131<\/strong>: 3-metilfensiklidin<br \/>\n<strong>CAS Numaras\u0131<\/strong>: 91164-58-8<br \/>\n<strong>Form\u00fcl<\/strong>: 1-[1-(3-metilfenil)siklohekzil]-piperidin<br \/>\n<strong>Mol k\u00fctlesi<\/strong>: 292,2 g\/mol<br \/>\n<strong>Safl\u0131k<\/strong>: &gt;97%<\/p>","protected":false},"featured_media":28672,"comment_status":"closed","ping_status":"closed","template":"","meta":[],"product_brand":[82],"product_cat":[516,71],"product_tag":[326],"class_list":{"0":"post-23229","1":"product","2":"type-product","3":"status-publish","4":"has-post-thumbnail","6":"product_brand-research-chemical","7":"product_cat-3-me-pcp","8":"product_cat-arylcyclohexylamine","9":"product_tag-nl","11":"first","12":"instock","13":"taxable","14":"shipping-taxable","15":"purchasable","16":"product-type-variable"},"_links":{"self":[{"href":"https:\/\/researchchemicalstore.eu\/tr\/wp-json\/wp\/v2\/product\/23229","targetHints":{"allow":["GET"]}}],"collection":[{"href":"https:\/\/researchchemicalstore.eu\/tr\/wp-json\/wp\/v2\/product"}],"about":[{"href":"https:\/\/researchchemicalstore.eu\/tr\/wp-json\/wp\/v2\/types\/product"}],"replies":[{"embeddable":true,"href":"https:\/\/researchchemicalstore.eu\/tr\/wp-json\/wp\/v2\/comments?post=23229"}],"version-history":[{"count":4,"href":"https:\/\/researchchemicalstore.eu\/tr\/wp-json\/wp\/v2\/product\/23229\/revisions"}],"predecessor-version":[{"id":26367,"href":"https:\/\/researchchemicalstore.eu\/tr\/wp-json\/wp\/v2\/product\/23229\/revisions\/26367"}],"wp:featuredmedia":[{"embeddable":true,"href":"https:\/\/researchchemicalstore.eu\/tr\/wp-json\/wp\/v2\/media\/28672"}],"wp:attachment":[{"href":"https:\/\/researchchemicalstore.eu\/tr\/wp-json\/wp\/v2\/media?parent=23229"}],"wp:term":[{"taxonomy":"product_brand","embeddable":true,"href":"https:\/\/researchchemicalstore.eu\/tr\/wp-json\/wp\/v2\/product_brand?post=23229"},{"taxonomy":"product_cat","embeddable":true,"href":"https:\/\/researchchemicalstore.eu\/tr\/wp-json\/wp\/v2\/product_cat?post=23229"},{"taxonomy":"product_tag","embeddable":true,"href":"https:\/\/researchchemicalstore.eu\/tr\/wp-json\/wp\/v2\/product_tag?post=23229"}],"curies":[{"name":"wp","href":"https:\/\/api.w.org\/{rel}","templated":true}]}}