{"id":23335,"date":"2025-04-13T17:39:34","date_gmt":"2025-04-13T17:39:34","guid":{"rendered":"https:\/\/researchchemicalstore.eu\/?post_type=product&#038;p=23335"},"modified":"2025-10-23T01:27:18","modified_gmt":"2025-10-23T01:27:18","slug":"4-aco-det-20mg-pellet","status":"publish","type":"product","link":"https:\/\/researchchemicalstore.eu\/tr\/urun\/4-aco-det-20mg-pellet\/","title":{"rendered":"4-AcO-DET 20 mg Pelet"},"content":{"rendered":"<h1>4-AcO-DET 20 mg Pelet \u2013 Bilimsel Ara\u015ft\u0131rmalar \u0130\u00e7in Profesyonel Kalite<\/h1>\n<h2>girii\u015f<\/h2>\n<p>The <strong>4-AcO-DET 20 mg peletler<\/strong> G\u00fcvenilir ve do\u011fru dozaj arayan bilim insanlar\u0131 ve analistler i\u00e7in y\u00fcksek kaliteli bir ara\u015ft\u0131rma malzemesidir. Bu peletler, her bir \u00fcnitenin tam olarak do\u011fru dozajda olmas\u0131n\u0131 sa\u011flayan s\u0131k\u0131 kalite kontrolleri alt\u0131nda \u00fcretilir. <strong>20 mg 4-AcO-DET<\/strong> i\u00e7erir. Bu, bile\u015fi\u011fin \u00f6zelliklerinin ara\u015ft\u0131r\u0131lmas\u0131 s\u0131ras\u0131nda tekrarlanabilir ve tutarl\u0131 sonu\u00e7lar\u0131n elde edilmesini sa\u011flar.<\/p>\n<h2>\u00dcr\u00fcn \u00f6zellikleri<\/h2>\n<ul>\n<li><strong>Tam dozaj<\/strong>: Her pelet belirli miktarda i\u00e7erir <strong>20 mg 4-AcO-DET<\/strong>g\u00fcvenilir ara\u015ft\u0131rma sonu\u00e7lar\u0131 sa\u011flayan<\/li>\n<li><strong>Optimize edilmi\u015f kompozisyon<\/strong>: Maksimum stabilite ve safl\u0131k i\u00e7in farmas\u00f6tik hassasiyetle \u00fcretilmi\u015ftir<\/li>\n<li><strong>Kullan\u0131m kolayl\u0131\u011f\u0131<\/strong>: Tekd\u00fcze pelet \u015fekli kolay dozajlama ve i\u015fleme olana\u011f\u0131 sa\u011flar<\/li>\n<li><strong>Uzun raf \u00f6mr\u00fc<\/strong>:I\u015f\u0131k, nem veya oksijenle bozulmay\u0131 \u00f6nleyecek \u015fekilde \u00f6zel olarak paketlenmi\u015ftir<\/li>\n<\/ul>\n<h2>Teknik \u00d6zellikler<\/h2>\n<h3>Genel bilgi<\/h3>\n<ul>\n<li>Etkin madde: 4-Asetoksi-N,N-dietiltriptamin (4-AcO-DET)<\/li>\n<li>Pelet ba\u015f\u0131na dozaj: 20 mg (\u00b1 0,5 mg tolerans)<\/li>\n<li>Fiziksel form: Yuvarlak, kompakt peletler<\/li>\n<li>\u00d6nerilen saklama: Kuru, oda s\u0131cakl\u0131\u011f\u0131nda (15\u201325\u00b0C), \u0131\u015f\u0131ktan korunarak<\/li>\n<\/ul>\n<h2>Uygulama alanlar\u0131<\/h2>\n<p>Bu peletler yaln\u0131zca \u015funlar i\u00e7in tasarlanm\u0131\u015ft\u0131r:<\/p>\n<ul>\n<li>Farmakolojik \u00f6zelliklere ili\u015fkin bilimsel ara\u015ft\u0131rma<\/li>\n<li>Analitik kimyasal \u00e7al\u0131\u015fmalar<\/li>\n<li>Kontroll\u00fc ortamlarda klinik \u00f6ncesi de\u011ferlendirmeler<\/li>\n<\/ul>\n<h2>G\u00fcvenlik y\u00f6netmelikleri<\/h2>\n<ul>\n<li>Sadece profesyonel laboratuvar ortamlar\u0131nda kullan\u0131m i\u00e7indir<\/li>\n<li>Ki\u015fisel koruyucu ekipman (laboratuvar \u00f6nl\u00fc\u011f\u00fc, eldiven, g\u00fcvenlik g\u00f6zl\u00fc\u011f\u00fc) gereklidir<\/li>\n<li>In vivo uygulamalar i\u00e7in uygun de\u011fildir<\/li>\n<li>Cilt ve g\u00f6zlerle temas\u0131ndan ka\u00e7\u0131n\u0131n<\/li>\n<\/ul>\n<h2>Depolama tavsiyesi<\/h2>\n<p>Orijinal ambalaj\u0131nda saklay\u0131n\u0131z:<\/p>\n<ul>\n<li>15\u201325\u00b0C aras\u0131 s\u0131cakl\u0131k<\/li>\n<li>Ba\u011f\u0131l nem &lt;60%<\/li>\n<li>Do\u011frudan g\u00fcne\u015f \u0131\u015f\u0131\u011f\u0131ndan korunmal\u0131d\u0131r<\/li>\n<li>G\u0131da ve ila\u00e7lar\u0131n yan\u0131 s\u0131ra<\/li>\n<\/ul>\n<h2>Paketleme bilgileri<\/h2>\n<ul>\n<li>Standart ambalaj: Blister ba\u015f\u0131na 10 pelet<\/li>\n<li>\u0130kincil ambalaj: I\u015f\u0131k ge\u00e7irmez al\u00fcminyum folyo<\/li>\n<li>D\u0131\u015f ambalaj: Siyah UV \u0131\u015f\u0131nlar\u0131na dayan\u0131kl\u0131 plastik kap<\/li>\n<\/ul>\n<h2>\u00d6nemli Not<\/h2>\n<p>Bu \u00fcr\u00fcn yaln\u0131zca kalifiye uzmanlar taraf\u0131ndan ara\u015ft\u0131rma ama\u00e7l\u0131 tasarlanm\u0131\u015ft\u0131r. \u0130nsan veya hayvan t\u00fcketimi i\u00e7in kesinlikle uygun de\u011fildir. Al\u0131c\u0131, bu maddenin sat\u0131n al\u0131nmas\u0131, bulundurulmas\u0131 ve kullan\u0131m\u0131yla ilgili t\u00fcm yerel yasa ve y\u00f6netmeliklerin fark\u0131nda oldu\u011funu ve bunlardan sorumlu oldu\u011funu beyan eder.<\/p>\n<h2>Yasal Durum<\/h2>\n<p>4-AcO-DET&#039;in durumu yarg\u0131 b\u00f6lgesine g\u00f6re de\u011fi\u015fiklik g\u00f6sterir. Al\u0131c\u0131lar, sat\u0131n almadan \u00f6nce kendi \u00fclkelerindeki\/b\u00f6lgelerindeki ge\u00e7erli yasalar\u0131 kontrol etmelidir. Sat\u0131c\u0131, bu \u00fcr\u00fcn\u00fcn sat\u0131n al\u0131nmas\u0131ndan veya bulundurulmas\u0131ndan kaynaklanan hi\u00e7bir yasal sonu\u00e7tan sorumlu de\u011fildir.<\/p>\n<h2>Kalite garantisi<\/h2>\n<p>\u00dcr\u00fcnlerimiz \u015fu a\u015famalardan ge\u00e7mektedir:<\/p>\n<ul>\n<li>Safl\u0131k tayini i\u00e7in HPLC analizi<\/li>\n<li>Kimlik do\u011frulamas\u0131 i\u00e7in k\u00fctle spektrometrisi<\/li>\n<li>Mikrobiyolojik kontaminasyon testleri<\/li>\n<li>Stabilite \u00e7al\u0131\u015fmalar\u0131<\/li>\n<\/ul>\n<p>Ara\u015ft\u0131rma enstit\u00fcleri ve laboratuvarlar i\u00e7in talep \u00fczerine detayl\u0131 kalite sertifikalar\u0131 ve analitik raporlar sunuyoruz.<\/p>\n<h2>Sipari\u015f bilgileri<\/h2>\n<p>Farkl\u0131 paket boyutlar\u0131nda mevcuttur:<\/p>\n<ul>\n<li>10 pelet (temel paket)<\/li>\n<li>50 pelet (ara\u015ft\u0131rma paketi)<\/li>\n<li>100 pelet (laboratuvar sto\u011fu)<\/li>\n<\/ul>\n<p>Talep \u00fczerine akredite ara\u015ft\u0131rma kurumlar\u0131 i\u00e7in \u00f6zel paketleme ve toplu miktarlar mevcuttur.<a href=\"https:\/\/researchchemicalstore.eu\/tr\/magaza\/lizergamidler\/1cp-lsd\/\">1cP-LSD 150 MCG Sanat Emicileri<\/a><\/p>\n<h2>Teknik Destek<\/h2>\n<p>Bilimsel kadromuz \u015funlara haz\u0131r:<\/p>\n<ul>\n<li>Dozaj tavsiyesi<\/li>\n<li>Kararl\u0131l\u0131k sorular\u0131<\/li>\n<li>\u00c7\u00f6z\u00fcn\u00fcrl\u00fck verileri<\/li>\n<li>Etkile\u015fim \u00e7al\u0131\u015fmalar\u0131<\/li>\n<\/ul>\n<p>Bu \u00fcr\u00fcnle ilgili \u00f6zel teknik sorular\u0131n\u0131z i\u00e7in l\u00fctfen ara\u015ft\u0131rma departman\u0131m\u0131zla ileti\u015fime ge\u00e7in.<\/p>\n<h2>Ta\u015f\u0131ma ko\u015fullar\u0131<\/h2>\n<p>T\u00fcm g\u00f6nderiler \u015funlar\u0131 i\u00e7erir:<\/p>\n<ul>\n<li>Malzeme G\u00fcvenlik Bilgi Formlar\u0131 (MSDS)<\/li>\n<li>Analitik sertifikalar<\/li>\n<li>Zorunlu yasal uyar\u0131lar<\/li>\n<\/ul>\n<p>Ta\u015f\u0131mac\u0131l\u0131k kimyasal maddelere ili\u015fkin uluslararas\u0131 y\u00f6netmeliklere uygun olarak yap\u0131lmaktad\u0131r.<a href=\"https:\/\/researchchemicalstore.eu\/tr\/magaza\/pellets\/o-dsmt-50-mg-peletler\/\">O-DSMT 50 mg Peletleri<\/a><\/p>\n<h2>Sorumluluk Reddi<\/h2>\n<p>Bu \u00fcr\u00fcn insan t\u00fcketimi i\u00e7in tasarlanmam\u0131\u015ft\u0131r ve yaln\u0131zca kontroll\u00fc ara\u015ft\u0131rma ortamlar\u0131nda e\u011fitimli personel taraf\u0131ndan kullan\u0131lmal\u0131d\u0131r. Sat\u0131c\u0131, \u00fcr\u00fcn\u00fcn yetkisiz kullan\u0131m\u0131 veya uygulanmas\u0131ndaki ihmallerden sorumlu de\u011fildir.<a href=\"https:\/\/researchchemicalstore.eu\/tr\/magaza\/iboga-ibogaine\/ibogaine-hclyi-cevrimici-satin-al\/\">Ibogaine HCL sat\u0131n al<\/a><\/p>\n<p>&nbsp;<\/p>","protected":false},"excerpt":{"rendered":"<p>4-AcO-DET 20 mg Peletler \u2013 Bilimsel Ara\u015ft\u0131rmalar \u0130\u00e7in Profesyonel Kalite Giri\u015f 4-AcO-DET 20 mg peletler, bilim insanlar\u0131 i\u00e7in y\u00fcksek kaliteli bir ara\u015ft\u0131rma malzemesidir<\/p>","protected":false},"featured_media":28677,"comment_status":"closed","ping_status":"closed","template":"","meta":[],"product_brand":[82],"product_cat":[533,534,324,381],"product_tag":[628,626,326],"class_list":{"0":"post-23335","1":"product","2":"type-product","3":"status-publish","4":"has-post-thumbnail","6":"product_brand-research-chemical","7":"product_cat-4-aco-det","8":"product_cat-4-aco-det-pellets","9":"product_cat-pellets-for-pellet","10":"product_cat-tryptamines","11":"product_tag-4-aco-det","12":"product_tag-bromazolam-pellets","13":"product_tag-nl","15":"first","16":"instock","17":"taxable","18":"shipping-taxable","19":"purchasable","20":"product-type-variable"},"_links":{"self":[{"href":"https:\/\/researchchemicalstore.eu\/tr\/wp-json\/wp\/v2\/product\/23335","targetHints":{"allow":["GET"]}}],"collection":[{"href":"https:\/\/researchchemicalstore.eu\/tr\/wp-json\/wp\/v2\/product"}],"about":[{"href":"https:\/\/researchchemicalstore.eu\/tr\/wp-json\/wp\/v2\/types\/product"}],"replies":[{"embeddable":true,"href":"https:\/\/researchchemicalstore.eu\/tr\/wp-json\/wp\/v2\/comments?post=23335"}],"version-history":[{"count":4,"href":"https:\/\/researchchemicalstore.eu\/tr\/wp-json\/wp\/v2\/product\/23335\/revisions"}],"predecessor-version":[{"id":26344,"href":"https:\/\/researchchemicalstore.eu\/tr\/wp-json\/wp\/v2\/product\/23335\/revisions\/26344"}],"wp:featuredmedia":[{"embeddable":true,"href":"https:\/\/researchchemicalstore.eu\/tr\/wp-json\/wp\/v2\/media\/28677"}],"wp:attachment":[{"href":"https:\/\/researchchemicalstore.eu\/tr\/wp-json\/wp\/v2\/media?parent=23335"}],"wp:term":[{"taxonomy":"product_brand","embeddable":true,"href":"https:\/\/researchchemicalstore.eu\/tr\/wp-json\/wp\/v2\/product_brand?post=23335"},{"taxonomy":"product_cat","embeddable":true,"href":"https:\/\/researchchemicalstore.eu\/tr\/wp-json\/wp\/v2\/product_cat?post=23335"},{"taxonomy":"product_tag","embeddable":true,"href":"https:\/\/researchchemicalstore.eu\/tr\/wp-json\/wp\/v2\/product_tag?post=23335"}],"curies":[{"name":"wp","href":"https:\/\/api.w.org\/{rel}","templated":true}]}}