{"id":23461,"date":"2025-04-13T17:39:49","date_gmt":"2025-04-13T17:39:49","guid":{"rendered":"https:\/\/researchchemicalstore.eu\/?post_type=product&#038;p=23461"},"modified":"2026-02-02T09:48:08","modified_gmt":"2026-02-02T09:48:08","slug":"4-ho-malt-fumarat","status":"publish","type":"product","link":"https:\/\/researchchemicalstore.eu\/tr\/urun\/4-ho-malt-fumarat\/","title":{"rendered":"4-HO-MALT fumarat"},"content":{"rendered":"<h3><strong>4-HO-MALT Fumarat \u2013 Bilimsel \u00dcr\u00fcn A\u00e7\u0131klamas\u0131<\/strong><\/h3>\n<h4><strong>Genel bilgi<\/strong><\/h4>\n<p class=\"ds-markdown-paragraph\">4-HO-MALT (4-Hidroksi-N-metil-N-aliltriptamin) fumarat, psilosin ve 4-HO-MET gibi bile\u015fiklerle yap\u0131sal olarak ili\u015fkili, triptamin s\u0131n\u0131f\u0131ndan bir ara\u015ft\u0131rma kimyasal\u0131d\u0131r. Bu bile\u015fik yaln\u0131zca a\u015fa\u011f\u0131dakiler i\u00e7in sat\u0131lmaktad\u0131r:\u00a0<strong>bilimsel ara\u015ft\u0131rma<\/strong>\u00a0ve\u00a0<strong>insan t\u00fcketimi i\u00e7in tasarlanmam\u0131\u015ft\u0131r<\/strong>.<\/p>\n<hr \/>\n<h4><strong>Teknik \u00d6zellikler<\/strong><\/h4>\n<ul>\n<li>\n<p class=\"ds-markdown-paragraph\"><strong>Kimyasal ad\u0131:<\/strong>\u00a04-Hidroksi-N-metil-N-aliltriptamin fumarat<\/p>\n<\/li>\n<li>\n<p class=\"ds-markdown-paragraph\"><strong>CAS numaras\u0131:<\/strong>\u00a0[M\u00fcmk\u00fcnse]<\/p>\n<\/li>\n<li>\n<p class=\"ds-markdown-paragraph\"><strong>Molek\u00fcler form\u00fcl:<\/strong>\u00a0C\u2081\u2085H\u2082\u2080N\u2082O\u2082 \u00b7 C\u2084H\u2084O\u2084<\/p>\n<\/li>\n<li>\n<p class=\"ds-markdown-paragraph\"><strong>Molek\u00fcl k\u00fctlesi:<\/strong>\u00a0350,37 g\/mol<\/p>\n<\/li>\n<li>\n<p class=\"ds-markdown-paragraph\"><strong>Safl\u0131k:<\/strong>\u00a0\u226598% (HPLC-MS ile do\u011fruland\u0131)<\/p>\n<\/li>\n<li>\n<p class=\"ds-markdown-paragraph\"><strong>D\u0131\u015f g\u00f6r\u00fcn\u00fc\u015f:<\/strong>\u00a0Beyaz ila a\u00e7\u0131k sar\u0131 kristal toz<\/p>\n<\/li>\n<li>\n<p class=\"ds-markdown-paragraph\"><strong>\u00c7\u00f6z\u00fcn\u00fcrl\u00fck:<\/strong>\u00a0Suda (20 mg\/ml) ve etanolde \u00e7\u00f6z\u00fcn\u00fcr<\/p>\n<\/li>\n<li>\n<p class=\"ds-markdown-paragraph\"><strong>Kararl\u0131l\u0131k:<\/strong>\u00a0&gt;-20\u00b0C&#039;nin alt\u0131nda hava ge\u00e7irmez ambalajda sakland\u0131\u011f\u0131nda 12 ay<\/p>\n<\/li>\n<\/ul>\n<hr \/>\n<h3><strong>Bilimsel Uygulamalar<\/strong><\/h3>\n<p class=\"ds-markdown-paragraph\">4-HO-MALT fumarat ara\u015ft\u0131rmalarda \u015fu ama\u00e7larla kullan\u0131l\u0131r:<\/p>\n<ol start=\"1\">\n<li>\n<p class=\"ds-markdown-paragraph\"><strong>N\u00f6rofarmakolojik \u00e7al\u0131\u015fmalar:<\/strong><\/p>\n<ul>\n<li>\n<p class=\"ds-markdown-paragraph\">Serotonin (5-HT\u2082A\/5-HT\u2081A) resept\u00f6rlerine ba\u011flanma \u00f6zellikleri<\/p>\n<\/li>\n<li>\n<p class=\"ds-markdown-paragraph\">Klasik psikedeliklerle kar\u015f\u0131la\u015ft\u0131rmal\u0131 \u00e7al\u0131\u015fmalar<\/p>\n<\/li>\n<\/ul>\n<\/li>\n<li>\n<p class=\"ds-markdown-paragraph\"><strong>Davran\u0131\u015fsal ara\u015ft\u0131rma:<\/strong><\/p>\n<ul>\n<li>\n<p class=\"ds-markdown-paragraph\">Hayvan modellerinde duyusal i\u015fleme \u00fczerindeki etkiler<\/p>\n<\/li>\n<li>\n<p class=\"ds-markdown-paragraph\">Kayg\u0131 ile ilgili davran\u0131\u015flar i\u00e7in a\u00e7\u0131k alan testi<\/p>\n<\/li>\n<\/ul>\n<\/li>\n<li>\n<p class=\"ds-markdown-paragraph\"><strong>Metabolik \u00e7al\u0131\u015fmalar:<\/strong><\/p>\n<ul>\n<li>\n<p class=\"ds-markdown-paragraph\">Hepatik metabolizman\u0131n in vitro \u00e7al\u0131\u015fmas\u0131<\/p>\n<\/li>\n<\/ul>\n<\/li>\n<\/ol>\n<hr \/>\n<h3><strong>Deneysel Parametreler<\/strong><\/h3>\n<h4><strong>Dozaj (Klinik \u00d6ncesi \u00c7al\u0131\u015fmalar \u0130\u00e7in)<\/strong><\/h4>\n<div class=\"markdown-table-wrapper\">\n<table>\n<thead>\n<tr>\n<th>Uygulama yolu<\/th>\n<th>Test konsantrasyonu<\/th>\n<th>\u00c7\u00f6z\u00fcc\u00fc<\/th>\n<\/tr>\n<\/thead>\n<tbody>\n<tr>\n<td>A\u011f\u0131zdan<\/td>\n<td>5-15 mg\/kg<\/td>\n<td>PBS tamponu<\/td>\n<\/tr>\n<tr>\n<td>\u0130ntraperitoneal<\/td>\n<td>2-8 mg\/kg<\/td>\n<td>Steril H\u2082O<\/td>\n<\/tr>\n<tr>\n<td>In vitro<\/td>\n<td>1-100 \u03bcM<\/td>\n<td>DMSO &lt;0.1%<\/td>\n<\/tr>\n<\/tbody>\n<\/table>\n<\/div>\n<p class=\"ds-markdown-paragraph\"><em>Not: Dozajlar yap\u0131sal olarak ili\u015fkili bile\u015fiklere dayanmaktad\u0131r. Her zaman pilot \u00e7al\u0131\u015fmalar y\u00fcr\u00fct\u00fcn.<\/em><\/p>\n<hr \/>\n<h3><strong>G\u00fcvenlik protokol\u00fc<\/strong><\/h3>\n<h4><strong>Potansiyel Riskler<\/strong><\/h4>\n<ul>\n<li>\n<p class=\"ds-markdown-paragraph\"><strong>Akut toksisite:<\/strong>\u00a0LD\u2085\u2080 kurulmam\u0131\u015f \u2013 ALARA ilkesini kullan\u0131n<\/p>\n<\/li>\n<li>\n<p class=\"ds-markdown-paragraph\"><strong>Yan etkiler:<\/strong><\/p>\n<ul>\n<li>\n<p class=\"ds-markdown-paragraph\">D\u00fc\u015f\u00fck dozlarda artan lokomotor aktivite<\/p>\n<\/li>\n<li>\n<p class=\"ds-markdown-paragraph\">Daha y\u00fcksek konsantrasyonlarda katalepsi<\/p>\n<\/li>\n<\/ul>\n<\/li>\n<li>\n<p class=\"ds-markdown-paragraph\"><strong>Toz tehlikesi:<\/strong>\u00a0Tozla \u00e7al\u0131\u015f\u0131rken daima P2 maskesi tak\u0131n<\/p>\n<\/li>\n<\/ul>\n<h4><strong>Saklama ko\u015fullar\u0131<\/strong><\/h4>\n<ul>\n<li>\n<p class=\"ds-markdown-paragraph\">-20\u00b0C&#039;de argon atmosferinde saklay\u0131n<\/p>\n<\/li>\n<li>\n<p class=\"ds-markdown-paragraph\">Kehribar renkli cam \u015fi\u015feler kullan\u0131n<\/p>\n<\/li>\n<li>\n<p class=\"ds-markdown-paragraph\">Raf \u00f6mr\u00fc: Do\u011fru \u015fekilde sakland\u0131\u011f\u0131nda 24 ay<\/p>\n<\/li>\n<\/ul>\n<hr \/>\n<h3><strong>Analitik Veriler<\/strong><\/h3>\n<h4><strong>Kalite Kontrol (Parti XYZ-123)<\/strong><\/h4>\n<div class=\"markdown-table-wrapper\">\n<table>\n<thead>\n<tr>\n<th>Test<\/th>\n<th>Sonu\u00e7<\/th>\n<th>Y\u00f6ntem<\/th>\n<\/tr>\n<\/thead>\n<tbody>\n<tr>\n<td>Safl\u0131k<\/td>\n<td>98.7%<\/td>\n<td>HPLC-UV (254nm)<\/td>\n<\/tr>\n<tr>\n<td>A\u011f\u0131r metaller<\/td>\n<td>&lt;10 ppm<\/td>\n<td>ICP-MS<\/td>\n<\/tr>\n<tr>\n<td>Su i\u00e7eri\u011fi<\/td>\n<td>0.8%<\/td>\n<td>Karl Fischer<\/td>\n<\/tr>\n<\/tbody>\n<\/table>\n<\/div>\n<hr \/>\n<h3><strong>S\u0131k\u00e7a Sorulan Sorular (SSS)<\/strong><\/h3>\n<p class=\"ds-markdown-paragraph\"><strong>1. Bu madde AB&#039;de d\u00fczenlemeye tabi mi?<\/strong><\/p>\n<ul>\n<li>\n<p class=\"ds-markdown-paragraph\">Durumu \u00dcye Devlete g\u00f6re de\u011fi\u015fiklik g\u00f6sterir. Hollanda&#039;da Afyon Yasas\u0131 kapsam\u0131na girebilir. Yerel y\u00f6netmeliklere bak\u0131n.<\/p>\n<\/li>\n<\/ul>\n<p class=\"ds-markdown-paragraph\"><strong>2. Hangi analitik y\u00f6ntemler \u00f6nerilmektedir?<\/strong><\/p>\n<ul>\n<li>\n<p class=\"ds-markdown-paragraph\">Kantifikasyon i\u00e7in HPLC-MS<\/p>\n<\/li>\n<li>\n<p class=\"ds-markdown-paragraph\">Yap\u0131 onay\u0131 i\u00e7in NMR (\u00b9H\/\u00b9\u00b3C)<\/p>\n<\/li>\n<\/ul>\n<p class=\"ds-markdown-paragraph\"><strong>3. Malzeme g\u00fcvenlik bilgi formunu alabilir miyim?<\/strong><\/p>\n<ul>\n<li>\n<p class=\"ds-markdown-paragraph\">Evet, akademik kurumlar i\u00e7in geni\u015fletilmi\u015f MSDS mevcuttur.<\/p>\n<\/li>\n<\/ul>\n<p class=\"ds-markdown-paragraph\"><strong>4. \u00c7\u00f6zeltide kararl\u0131l\u0131k nedir?<\/strong><\/p>\n<ul>\n<li>\n<p class=\"ds-markdown-paragraph\">PBS&#039;de 4\u00b0C&#039;de 48 saate kadar saklay\u0131n. Daha uzun s\u00fcreli saklama i\u00e7in -80\u00b0C&#039;de dondurun.<\/p>\n<\/li>\n<\/ul>\n<hr \/>\n<h3><strong>Sipari\u015f bilgileri<\/strong><\/h3>\n<ul>\n<li>\n<p class=\"ds-markdown-paragraph\"><strong>Minimum sipari\u015f:<\/strong>\u00a0100 mg<\/p>\n<\/li>\n<li>\n<p class=\"ds-markdown-paragraph\"><strong>Ambalajlama:<\/strong>\u00a0Argon alt\u0131nda kehribar HPLC \u015fi\u015fesi<\/p>\n<\/li>\n<li>\n<p class=\"ds-markdown-paragraph\"><strong>Ta\u015f\u0131mac\u0131l\u0131k:<\/strong>\u00a0Buz k\u00fcpleriyle so\u011futulmu\u015f nakliye<\/p>\n<\/li>\n<\/ul>\n<p class=\"ds-markdown-paragraph\"><em>D\u0130KKAT: Bu \u00fcr\u00fcn yaln\u0131zca akredite laboratuvarlarda kalifiye personel taraf\u0131ndan ara\u015ft\u0131rma ama\u00e7l\u0131 kullan\u0131m i\u00e7indir. Tan\u0131 veya tedavi ama\u00e7l\u0131 kullan\u0131lamaz.<\/em><\/p>\n<p class=\"ds-markdown-paragraph\">Ara\u015ft\u0131rma i\u015fbirlikleri veya toplu sipari\u015fler i\u00e7in l\u00fctfen bilimsel departman\u0131m\u0131zla ileti\u015fime ge\u00e7iniz.<\/p>","protected":false},"excerpt":{"rendered":"<p>4-HO-MALT Fumarat \u2013 Bilimsel \u00dcr\u00fcn A\u00e7\u0131klamas\u0131 Genel Bilgiler 4-HO-MALT (4-Hidroksi-N-metil-N-aliltriptamin) fumarat, triptamin s\u0131n\u0131f\u0131ndan bir ara\u015ft\u0131rma kimyasal\u0131d\u0131r ve yap\u0131sal olarak a\u015fa\u011f\u0131daki maddelerle ili\u015fkilidir:<\/p>","protected":false},"featured_media":28703,"comment_status":"closed","ping_status":"closed","template":"","meta":[],"product_brand":[],"product_cat":[543,381],"product_tag":[326],"class_list":{"0":"post-23461","1":"product","2":"type-product","3":"status-publish","4":"has-post-thumbnail","6":"product_cat-4-ho-malt","7":"product_cat-tryptamines","8":"product_tag-nl","10":"first","11":"instock","12":"taxable","13":"shipping-taxable","14":"purchasable","15":"product-type-variable"},"_links":{"self":[{"href":"https:\/\/researchchemicalstore.eu\/tr\/wp-json\/wp\/v2\/product\/23461","targetHints":{"allow":["GET"]}}],"collection":[{"href":"https:\/\/researchchemicalstore.eu\/tr\/wp-json\/wp\/v2\/product"}],"about":[{"href":"https:\/\/researchchemicalstore.eu\/tr\/wp-json\/wp\/v2\/types\/product"}],"replies":[{"embeddable":true,"href":"https:\/\/researchchemicalstore.eu\/tr\/wp-json\/wp\/v2\/comments?post=23461"}],"version-history":[{"count":3,"href":"https:\/\/researchchemicalstore.eu\/tr\/wp-json\/wp\/v2\/product\/23461\/revisions"}],"predecessor-version":[{"id":26630,"href":"https:\/\/researchchemicalstore.eu\/tr\/wp-json\/wp\/v2\/product\/23461\/revisions\/26630"}],"wp:featuredmedia":[{"embeddable":true,"href":"https:\/\/researchchemicalstore.eu\/tr\/wp-json\/wp\/v2\/media\/28703"}],"wp:attachment":[{"href":"https:\/\/researchchemicalstore.eu\/tr\/wp-json\/wp\/v2\/media?parent=23461"}],"wp:term":[{"taxonomy":"product_brand","embeddable":true,"href":"https:\/\/researchchemicalstore.eu\/tr\/wp-json\/wp\/v2\/product_brand?post=23461"},{"taxonomy":"product_cat","embeddable":true,"href":"https:\/\/researchchemicalstore.eu\/tr\/wp-json\/wp\/v2\/product_cat?post=23461"},{"taxonomy":"product_tag","embeddable":true,"href":"https:\/\/researchchemicalstore.eu\/tr\/wp-json\/wp\/v2\/product_tag?post=23461"}],"curies":[{"name":"wp","href":"https:\/\/api.w.org\/{rel}","templated":true}]}}