{"id":23481,"date":"2025-04-13T17:39:49","date_gmt":"2025-04-13T17:39:49","guid":{"rendered":"https:\/\/researchchemicalstore.eu\/?post_type=product&#038;p=23481"},"modified":"2025-10-23T00:44:39","modified_gmt":"2025-10-23T00:44:39","slug":"5-meo-dalt-freebase","status":"publish","type":"product","link":"https:\/\/researchchemicalstore.eu\/tr\/urun\/5-meo-dalt-freebase\/","title":{"rendered":"5-MeO-DALT serbest baz"},"content":{"rendered":"<h1><strong><span dir=\"auto\" style=\"vertical-align: inherit;\"><span dir=\"auto\" style=\"vertical-align: inherit;\">5-MeO-DALT Freebase \u2013 Ara\u015ft\u0131rma Ama\u00e7l\u0131 Sentetik Triptamin<\/span><\/span><\/strong><\/h1>\n<p><strong><span dir=\"auto\" style=\"vertical-align: inherit;\"><span dir=\"auto\" style=\"vertical-align: inherit;\">\u00dcr\u00fcn Ad\u0131:<\/span><\/span><\/strong><span dir=\"auto\" style=\"vertical-align: inherit;\"><span dir=\"auto\" style=\"vertical-align: inherit;\"> 5-MeO-DALT Serbest Baz <\/span><\/span><br \/>\n<strong><span dir=\"auto\" style=\"vertical-align: inherit;\"><span dir=\"auto\" style=\"vertical-align: inherit;\">Tam Kimyasal Ad\u0131:<\/span><\/span><\/strong><span dir=\"auto\" style=\"vertical-align: inherit;\"><span dir=\"auto\" style=\"vertical-align: inherit;\"> 5-Metoksi-N,N-diallyltriptamin <\/span><\/span><br \/>\n<strong><span dir=\"auto\" style=\"vertical-align: inherit;\"><span dir=\"auto\" style=\"vertical-align: inherit;\">Kimyasal S\u0131n\u0131f:<\/span><\/span><\/strong><span dir=\"auto\" style=\"vertical-align: inherit;\"><span dir=\"auto\" style=\"vertical-align: inherit;\"> Triptamin \/ Psikedelikler <\/span><\/span><br \/>\n<strong><span dir=\"auto\" style=\"vertical-align: inherit;\"><span dir=\"auto\" style=\"vertical-align: inherit;\">Bi\u00e7im:<\/span><\/span><\/strong><span dir=\"auto\" style=\"vertical-align: inherit;\"><span dir=\"auto\" style=\"vertical-align: inherit;\"> Serbest baz (beyazdan a\u00e7\u0131k sar\u0131ya kadar kristal toz) <\/span><\/span><br \/>\n<strong><span dir=\"auto\" style=\"vertical-align: inherit;\"><span dir=\"auto\" style=\"vertical-align: inherit;\">Molek\u00fcler Form\u00fcl:<\/span><\/span><\/strong><span dir=\"auto\" style=\"vertical-align: inherit;\"><span dir=\"auto\" style=\"vertical-align: inherit;\"> C17H22N2O <\/span><\/span><br \/>\n<strong><span dir=\"auto\" style=\"vertical-align: inherit;\"><span dir=\"auto\" style=\"vertical-align: inherit;\">Molek\u00fcler K\u00fctle:<\/span><\/span><\/strong><span dir=\"auto\" style=\"vertical-align: inherit;\"><span dir=\"auto\" style=\"vertical-align: inherit;\"> 270,37 g\/mol <\/span><\/span><br \/>\n<strong><span dir=\"auto\" style=\"vertical-align: inherit;\"><span dir=\"auto\" style=\"vertical-align: inherit;\">CAS Numaras\u0131:<\/span><\/span><\/strong><span dir=\"auto\" style=\"vertical-align: inherit;\"><span dir=\"auto\" style=\"vertical-align: inherit;\"> 928822-98-4 <\/span><\/span><br \/>\n<strong><span dir=\"auto\" style=\"vertical-align: inherit;\"><span dir=\"auto\" style=\"vertical-align: inherit;\">Safl\u0131k:<\/span><\/span><\/strong><span dir=\"auto\" style=\"vertical-align: inherit;\"><span dir=\"auto\" style=\"vertical-align: inherit;\"> \u226598% (HPLC ile test edilmi\u015ftir) <\/span><\/span><br \/>\n<strong><span dir=\"auto\" style=\"vertical-align: inherit;\"><span dir=\"auto\" style=\"vertical-align: inherit;\">Ba\u015fvuru:<\/span><\/span><\/strong><span dir=\"auto\" style=\"vertical-align: inherit;\"><span dir=\"auto\" style=\"vertical-align: inherit;\"> Sadece bilimsel ve analitik ara\u015ft\u0131rma ama\u00e7l\u0131d\u0131r<\/span><\/span><\/p>\n<hr \/>\n<h2><strong><span dir=\"auto\" style=\"vertical-align: inherit;\"><span dir=\"auto\" style=\"vertical-align: inherit;\">5-MeO-DALT Freebase Nedir?<\/span><\/span><\/strong><\/h2>\n<p><span dir=\"auto\" style=\"vertical-align: inherit;\"><span dir=\"auto\" style=\"vertical-align: inherit;\">5-MeO-DALT (5-Metoksi-N,N-Diallyltryptamine), 5-MeO-DMT ve DALT gibi di\u011fer psikedeliklerle ili\u015fkili sentetik bir triptamindir. 2000&#039;li y\u0131llar\u0131n ba\u015f\u0131nda geli\u015ftirilmi\u015f olup, \u00f6ncelikle a\u015fa\u011f\u0131daki durumlarda kullan\u0131l\u0131r: <\/span><\/span><strong><span dir=\"auto\" style=\"vertical-align: inherit;\"><span dir=\"auto\" style=\"vertical-align: inherit;\">n\u00f6rofarmakolojik ara\u015ft\u0131rma<\/span><\/span><\/strong><span dir=\"auto\" style=\"vertical-align: inherit;\"><span dir=\"auto\" style=\"vertical-align: inherit;\"> Serotonerjik resept\u00f6r aktivitesi \u00fczerine.<\/span><\/span><\/p>\n<p><span dir=\"auto\" style=\"vertical-align: inherit;\"><span dir=\"auto\" style=\"vertical-align: inherit;\">Serbest baz formu, tuz i\u00e7ermeyen saf hali nedeniyle derinlemesine molek\u00fcler ara\u015ft\u0131rmalar i\u00e7in uygundur ve LC-MS\/NMR analizleri veya di\u011fer analitik teknikler i\u00e7in idealdir.<\/span><\/span><\/p>\n<hr \/>\n<h2><strong><span dir=\"auto\" style=\"vertical-align: inherit;\"><span dir=\"auto\" style=\"vertical-align: inherit;\">Ara\u015ft\u0131rma Uygulamalar\u0131<\/span><\/span><\/strong><\/h2>\n<p>\ud83d\udd2c <strong><span dir=\"auto\" style=\"vertical-align: inherit;\"><span dir=\"auto\" style=\"vertical-align: inherit;\">Resept\u00f6r ba\u011flanma \u00e7al\u0131\u015fmalar\u0131:<\/span><\/span><\/strong><br \/>\n<span dir=\"auto\" style=\"vertical-align: inherit;\"><span dir=\"auto\" style=\"vertical-align: inherit;\"> 5-HT2A, 5-HT1A ve TAAR aktivitesinin in vitro de\u011ferlendirilmesi.<\/span><\/span><\/p>\n<p>\ud83e\udde0 <strong><span dir=\"auto\" style=\"vertical-align: inherit;\"><span dir=\"auto\" style=\"vertical-align: inherit;\">Farmakodinamik modelleme \u00e7al\u0131\u015fmalar\u0131:<\/span><\/span><\/strong><br \/>\n<span dir=\"auto\" style=\"vertical-align: inherit;\"><span dir=\"auto\" style=\"vertical-align: inherit;\"> Yap\u0131sal modifikasyonlar\u0131n serotonerjik yollara etkileri.<\/span><\/span><\/p>\n<p>\u2697\ufe0f <strong><span dir=\"auto\" style=\"vertical-align: inherit;\"><span dir=\"auto\" style=\"vertical-align: inherit;\">SAR kar\u015f\u0131la\u015ft\u0131rmas\u0131:<\/span><\/span><\/strong><br \/>\n<span dir=\"auto\" style=\"vertical-align: inherit;\"><span dir=\"auto\" style=\"vertical-align: inherit;\"> DALT ve 5-MeO-DMT gibi di\u011fer dialliltriptaminlerle kar\u015f\u0131la\u015ft\u0131r\u0131lmas\u0131.<\/span><\/span><\/p>\n<p>\ud83e\uddea <strong><span dir=\"auto\" style=\"vertical-align: inherit;\"><span dir=\"auto\" style=\"vertical-align: inherit;\">Stabilite ve \u00e7\u00f6z\u00fcnme \u00e7al\u0131\u015fmalar\u0131:<\/span><\/span><\/strong><br \/>\n<span dir=\"auto\" style=\"vertical-align: inherit;\"><span dir=\"auto\" style=\"vertical-align: inherit;\"> \u00c7e\u015fitli depolama ko\u015fullar\u0131nda kararl\u0131l\u0131\u011f\u0131n de\u011ferlendirilmesi.<\/span><\/span><\/p>\n<hr \/>\n<h2><strong><span dir=\"auto\" style=\"vertical-align: inherit;\"><span dir=\"auto\" style=\"vertical-align: inherit;\">5-MeO-DALT Freebase&#039;in Faydalar\u0131<\/span><\/span><\/strong><\/h2>\n<p>\u2714 <strong><span dir=\"auto\" style=\"vertical-align: inherit;\"><span dir=\"auto\" style=\"vertical-align: inherit;\">Nadir molek\u00fcler yap\u0131<\/span><\/span><\/strong><span dir=\"auto\" style=\"vertical-align: inherit;\"><span dir=\"auto\" style=\"vertical-align: inherit;\"> 5-MeO serisi i\u00e7erisinde <\/span><\/span><br \/>\n\u2714 <strong><span dir=\"auto\" style=\"vertical-align: inherit;\"><span dir=\"auto\" style=\"vertical-align: inherit;\">Y\u00fcksek performansl\u0131 kromatografi ve spektrometri i\u00e7in uygundur <\/span><\/span><\/strong><br \/>\n\u2714 <strong><span dir=\"auto\" style=\"vertical-align: inherit;\"><span dir=\"auto\" style=\"vertical-align: inherit;\">Y\u00fcksek safl\u0131kta (\u226598%)<\/span><\/span><\/strong><span dir=\"auto\" style=\"vertical-align: inherit;\"><span dir=\"auto\" style=\"vertical-align: inherit;\"> ve gruplar aras\u0131nda tutarl\u0131 <\/span><\/span><br \/>\n\u2714 <strong><span dir=\"auto\" style=\"vertical-align: inherit;\"><span dir=\"auto\" style=\"vertical-align: inherit;\">Analitik ve deneysel kullan\u0131mda \u00e7ok y\u00f6nl\u00fc<\/span><\/span><\/strong><\/p>\n<hr \/>\n<h2><strong><span dir=\"auto\" style=\"vertical-align: inherit;\"><span dir=\"auto\" style=\"vertical-align: inherit;\">Dezavantajlar\u0131 ve Dikkat Edilmesi Gereken Noktalar<\/span><\/span><\/strong><\/h2>\n<p>\u2716 <strong><span dir=\"auto\" style=\"vertical-align: inherit;\"><span dir=\"auto\" style=\"vertical-align: inherit;\">Suda \u00e7\u00f6z\u00fcnmez<\/span><\/span><\/strong><span dir=\"auto\" style=\"vertical-align: inherit;\"><span dir=\"auto\" style=\"vertical-align: inherit;\"> \u2013 etanol, asetonitril veya DMSO gerektirir <\/span><\/span><br \/>\n\u2716 <strong><span dir=\"auto\" style=\"vertical-align: inherit;\"><span dir=\"auto\" style=\"vertical-align: inherit;\">I\u015f\u0131\u011fa ve oksijene duyarl\u0131<\/span><\/span><\/strong><span dir=\"auto\" style=\"vertical-align: inherit;\"><span dir=\"auto\" style=\"vertical-align: inherit;\"> \u2013 hava ge\u00e7irmez bir saklama gerektirir <\/span><\/span><br \/>\n\u2716 <strong><span dir=\"auto\" style=\"vertical-align: inherit;\"><span dir=\"auto\" style=\"vertical-align: inherit;\">Onaylanm\u0131\u015f t\u0131bbi kullan\u0131m yok <\/span><\/span><\/strong><br \/>\n\u2716 <strong><span dir=\"auto\" style=\"vertical-align: inherit;\"><span dir=\"auto\" style=\"vertical-align: inherit;\">Benzetme veya NPS yasalar\u0131na tabi olabilir<\/span><\/span><\/strong><\/p>\n<hr \/>\n<h2><strong><span dir=\"auto\" style=\"vertical-align: inherit;\"><span dir=\"auto\" style=\"vertical-align: inherit;\">Kullan\u0131m (sadece laboratuvar uygulamalar\u0131)<\/span><\/span><\/strong><\/h2>\n<ol>\n<li><strong><span dir=\"auto\" style=\"vertical-align: inherit;\"><span dir=\"auto\" style=\"vertical-align: inherit;\">Depolama tavsiyesi:<\/span><\/span><\/strong><span dir=\"auto\" style=\"vertical-align: inherit;\"><span dir=\"auto\" style=\"vertical-align: inherit;\"> Serin (4\u20138 \u00b0C), kuru, karanl\u0131k ve hava almayan bir kapta saklay\u0131n\u0131z.<\/span><\/span><\/li>\n<li><strong><span dir=\"auto\" style=\"vertical-align: inherit;\"><span dir=\"auto\" style=\"vertical-align: inherit;\">\u00d6nerilen \u00e7\u00f6z\u00fcc\u00fcler:<\/span><\/span><\/strong><span dir=\"auto\" style=\"vertical-align: inherit;\"><span dir=\"auto\" style=\"vertical-align: inherit;\"> HPLC\/GC\/NMR i\u00e7in etanol, DMSO, kloroform<\/span><\/span><\/li>\n<li><strong><span dir=\"auto\" style=\"vertical-align: inherit;\"><span dir=\"auto\" style=\"vertical-align: inherit;\">Deneylerde dozajlama:<\/span><\/span><\/strong><span dir=\"auto\" style=\"vertical-align: inherit;\"><span dir=\"auto\" style=\"vertical-align: inherit;\"> Resept\u00f6r veya ba\u011flanma \u00e7al\u0131\u015fmalar\u0131 i\u00e7in mikrogram d\u00fczeyinde (\u00f6rne\u011fin 100\u2013500 \u00b5g) ba\u015flay\u0131n<\/span><\/span><\/li>\n<li><strong><span dir=\"auto\" style=\"vertical-align: inherit;\"><span dir=\"auto\" style=\"vertical-align: inherit;\">Analiz y\u00f6ntemleri:<\/span><\/span><\/strong>\n<ul>\n<li><strong><span dir=\"auto\" style=\"vertical-align: inherit;\"><span dir=\"auto\" style=\"vertical-align: inherit;\">Y\u00fcksek bas\u0131n\u00e7l\u0131 s\u0131v\u0131 kromatografisi (HPLC):<\/span><\/span><\/strong><span dir=\"auto\" style=\"vertical-align: inherit;\"><span dir=\"auto\" style=\"vertical-align: inherit;\"> safl\u0131k kontrol\u00fc i\u00e7in<\/span><\/span><\/li>\n<li><strong><span dir=\"auto\" style=\"vertical-align: inherit;\"><span dir=\"auto\" style=\"vertical-align: inherit;\">NMR:<\/span><\/span><\/strong><span dir=\"auto\" style=\"vertical-align: inherit;\"><span dir=\"auto\" style=\"vertical-align: inherit;\"> yap\u0131sal onay i\u00e7in<\/span><\/span><\/li>\n<li><strong><span dir=\"auto\" style=\"vertical-align: inherit;\"><span dir=\"auto\" style=\"vertical-align: inherit;\">LC-MS:<\/span><\/span><\/strong><span dir=\"auto\" style=\"vertical-align: inherit;\"><span dir=\"auto\" style=\"vertical-align: inherit;\"> molek\u00fcler k\u00fctle analizi i\u00e7in<\/span><\/span><\/li>\n<\/ul>\n<\/li>\n<\/ol>\n<hr \/>\n<h2><strong><span dir=\"auto\" style=\"vertical-align: inherit;\"><span dir=\"auto\" style=\"vertical-align: inherit;\">Laboratuvar analizi (\u00d6zet)<\/span><\/span><\/strong><\/h2>\n<table>\n<thead>\n<tr>\n<th><span dir=\"auto\" style=\"vertical-align: inherit;\"><span dir=\"auto\" style=\"vertical-align: inherit;\">\u00d6zellik<\/span><\/span><\/th>\n<th><span dir=\"auto\" style=\"vertical-align: inherit;\"><span dir=\"auto\" style=\"vertical-align: inherit;\">Sonu\u00e7<\/span><\/span><\/th>\n<\/tr>\n<\/thead>\n<tbody>\n<tr>\n<td><strong><span dir=\"auto\" style=\"vertical-align: inherit;\"><span dir=\"auto\" style=\"vertical-align: inherit;\">Safl\u0131k (HPLC):<\/span><\/span><\/strong><\/td>\n<td><span dir=\"auto\" style=\"vertical-align: inherit;\"><span dir=\"auto\" style=\"vertical-align: inherit;\">98.9%<\/span><\/span><\/td>\n<\/tr>\n<tr>\n<td><strong><span dir=\"auto\" style=\"vertical-align: inherit;\"><span dir=\"auto\" style=\"vertical-align: inherit;\">Erime noktas\u0131:<\/span><\/span><\/strong><\/td>\n<td><span dir=\"auto\" style=\"vertical-align: inherit;\"><span dir=\"auto\" style=\"vertical-align: inherit;\">91\u201393 \u00b0C<\/span><\/span><\/td>\n<\/tr>\n<tr>\n<td><strong><span dir=\"auto\" style=\"vertical-align: inherit;\"><span dir=\"auto\" style=\"vertical-align: inherit;\">NMR analizi:<\/span><\/span><\/strong><\/td>\n<td><span dir=\"auto\" style=\"vertical-align: inherit;\"><span dir=\"auto\" style=\"vertical-align: inherit;\">Yap\u0131n\u0131n onaylanmas\u0131<\/span><\/span><\/td>\n<\/tr>\n<tr>\n<td><strong><span dir=\"auto\" style=\"vertical-align: inherit;\"><span dir=\"auto\" style=\"vertical-align: inherit;\">Su i\u00e7eri\u011fi (KF):<\/span><\/span><\/strong><\/td>\n<td><span dir=\"auto\" style=\"vertical-align: inherit;\"><span dir=\"auto\" style=\"vertical-align: inherit;\">&lt;0.3%<\/span><\/span><\/td>\n<\/tr>\n<tr>\n<td><strong><span dir=\"auto\" style=\"vertical-align: inherit;\"><span dir=\"auto\" style=\"vertical-align: inherit;\">\u00c7\u00f6z\u00fcn\u00fcrl\u00fck:<\/span><\/span><\/strong><\/td>\n<td><span dir=\"auto\" style=\"vertical-align: inherit;\"><span dir=\"auto\" style=\"vertical-align: inherit;\">Etanol, asetonitril ve DMSO&#039;da \u00e7\u00f6z\u00fcn\u00fcr<\/span><\/span><\/td>\n<\/tr>\n<\/tbody>\n<\/table>\n<p><em><span dir=\"auto\" style=\"vertical-align: inherit;\"><span dir=\"auto\" style=\"vertical-align: inherit;\">Talep \u00fczerine tam laboratuvar sertifikas\u0131 verilebilir.<\/span><\/span><\/em><\/p>\n<hr \/>\n<h2><strong><span dir=\"auto\" style=\"vertical-align: inherit;\"><span dir=\"auto\" style=\"vertical-align: inherit;\">S\u0131k\u00e7a Sorulan Sorular (SSS)<\/span><\/span><\/strong><\/h2>\n<h3>\u2753 <em><span dir=\"auto\" style=\"vertical-align: inherit;\"><span dir=\"auto\" style=\"vertical-align: inherit;\">5-MeO-DALT yasal m\u0131?<\/span><\/span><\/em><\/h3>\n<p><span dir=\"auto\" style=\"vertical-align: inherit;\"><span dir=\"auto\" style=\"vertical-align: inherit;\">Madde uluslararas\u0131 olarak d\u00fczenlenmemi\u015ftir, ancak yerel olarak analoji mevzuat\u0131na veya NPS yasalar\u0131na tabi olabilir. L\u00fctfen daima yerel y\u00f6netmeliklerinize ba\u015fvurun.<\/span><\/span><\/p>\n<h3>\u2753 <em><span dir=\"auto\" style=\"vertical-align: inherit;\"><span dir=\"auto\" style=\"vertical-align: inherit;\">Bu \u00fcr\u00fcn insanlar veya hayvanlar taraf\u0131ndan kullan\u0131labilir mi?<\/span><\/span><\/em><\/h3>\n<p><strong><span dir=\"auto\" style=\"vertical-align: inherit;\"><span dir=\"auto\" style=\"vertical-align: inherit;\">HAYIR.<\/span><\/span><\/strong><span dir=\"auto\" style=\"vertical-align: inherit;\"><span dir=\"auto\" style=\"vertical-align: inherit;\"> Bu \u00fcr\u00fcn yaln\u0131zca analitik veya bilimsel ara\u015ft\u0131rma ama\u00e7l\u0131d\u0131r ve t\u00fcketilmemelidir.<\/span><\/span><\/p>\n<h3>\u2753 <em><span dir=\"auto\" style=\"vertical-align: inherit;\"><span dir=\"auto\" style=\"vertical-align: inherit;\">Serbest baz ve fumarat formlar\u0131 aras\u0131ndaki fark nedir?<\/span><\/span><\/em><\/h3>\n<p><span dir=\"auto\" style=\"vertical-align: inherit;\"><span dir=\"auto\" style=\"vertical-align: inherit;\">The <\/span><\/span><strong><span dir=\"auto\" style=\"vertical-align: inherit;\"><span dir=\"auto\" style=\"vertical-align: inherit;\">serbest baz<\/span><\/span><\/strong><span dir=\"auto\" style=\"vertical-align: inherit;\"><span dir=\"auto\" style=\"vertical-align: inherit;\"> saft\u0131r ve analitik uygulamalara uygundur. <\/span><\/span><strong><span dir=\"auto\" style=\"vertical-align: inherit;\"><span dir=\"auto\" style=\"vertical-align: inherit;\">Fumarat tuzlar\u0131<\/span><\/span><\/strong><span dir=\"auto\" style=\"vertical-align: inherit;\"><span dir=\"auto\" style=\"vertical-align: inherit;\"> genellikle daha kararl\u0131d\u0131rlar ancak \u00e7\u00f6z\u00fcnmeleri biraz daha zordur.<\/span><\/span><\/p>\n<h3>\u2753 <em><span dir=\"auto\" style=\"vertical-align: inherit;\"><span dir=\"auto\" style=\"vertical-align: inherit;\">Standart bir analiz i\u00e7in \u00f6nerilen miktar nedir?<\/span><\/span><\/em><\/h3>\n<p><span dir=\"auto\" style=\"vertical-align: inherit;\"><span dir=\"auto\" style=\"vertical-align: inherit;\">Analiz y\u00f6nteminize (HPLC, LC-MS, NMR) ba\u011fl\u0131 olarak mikrogramdan d\u00fc\u015f\u00fck miligram miktarlar\u0131na kadar ba\u015flay\u0131n.<\/span><\/span><\/p>\n<hr \/>\n<h2><strong><span dir=\"auto\" style=\"vertical-align: inherit;\"><span dir=\"auto\" style=\"vertical-align: inherit;\">Kullan\u0131m\u0131 tavsiye edilenler:<\/span><\/span><\/strong><\/h2>\n<ul>\n<li><span dir=\"auto\" style=\"vertical-align: inherit;\"><span dir=\"auto\" style=\"vertical-align: inherit;\">\u00dcniversiteler<\/span><\/span><\/li>\n<li><span dir=\"auto\" style=\"vertical-align: inherit;\"><span dir=\"auto\" style=\"vertical-align: inherit;\">Kimyasal ara\u015ft\u0131rma enstit\u00fcleri<\/span><\/span><\/li>\n<li><span dir=\"auto\" style=\"vertical-align: inherit;\"><span dir=\"auto\" style=\"vertical-align: inherit;\">Farmakolojik laboratuvarlar<\/span><\/span><\/li>\n<li><span dir=\"auto\" style=\"vertical-align: inherit;\"><span dir=\"auto\" style=\"vertical-align: inherit;\">SAR ara\u015ft\u0131rmas\u0131 yapan \u015firketler<\/span><\/span><\/li>\n<\/ul>\n<hr \/>\n<blockquote><p>\u26a0\ufe0f <strong><span dir=\"auto\" style=\"vertical-align: inherit;\"><span dir=\"auto\" style=\"vertical-align: inherit;\">Yasal Uyar\u0131: 5-MeO-DALT Freebase bir g\u0131da, ila\u00e7 veya takviye de\u011fildir. <\/span><\/span><\/strong><span dir=\"auto\" style=\"vertical-align: inherit;\"><strong><span dir=\"auto\" style=\"vertical-align: inherit;\">profesyonel laboratuvar kullan\u0131m\u0131<\/span><\/strong><\/span><br \/>\n<span dir=\"auto\" style=\"vertical-align: inherit;\"><span dir=\"auto\" style=\"vertical-align: inherit;\"> sadece <\/span><span dir=\"auto\" style=\"vertical-align: inherit;\">. \u0130nsan ve hayvan t\u00fcketimine uygun de\u011fildir.<\/span><\/span><\/p><\/blockquote>","protected":false},"excerpt":{"rendered":"<h3><span data-sheets-value=\"{\" data-sheets-userformat=\"{\"><span dir=\"auto\" style=\"vertical-align: inherit;\"><span dir=\"auto\" style=\"vertical-align: inherit;\">5-MeO-DALT serbest baz \u00f6zellikleri<\/span><\/span><\/span><\/h3>\n<p><strong><span style=\"vertical-align: inherit;\"><span style=\"vertical-align: inherit;\"><span dir=\"auto\" style=\"vertical-align: inherit;\"><span dir=\"auto\" style=\"vertical-align: inherit;\">E\u015f anlaml\u0131s\u0131:<\/span><\/span><\/span><\/span><\/strong><span style=\"vertical-align: inherit;\"><span style=\"vertical-align: inherit;\"><span dir=\"auto\" style=\"vertical-align: inherit;\"><span dir=\"auto\" style=\"vertical-align: inherit;\"> 5-metoksi-N,N-diallyltriptamin <\/span><\/span><\/span><\/span><br \/>\n<strong><span style=\"vertical-align: inherit;\"><span style=\"vertical-align: inherit;\"><span dir=\"auto\" style=\"vertical-align: inherit;\"><span dir=\"auto\" style=\"vertical-align: inherit;\">CAS Numaras\u0131:<\/span><\/span><\/span><\/span><\/strong><span style=\"vertical-align: inherit;\"><span style=\"vertical-align: inherit;\"><span dir=\"auto\" style=\"vertical-align: inherit;\"><span dir=\"auto\" style=\"vertical-align: inherit;\"> 928822-98-4 <\/span><\/span><\/span><\/span><br \/>\n<strong><span style=\"vertical-align: inherit;\"><span style=\"vertical-align: inherit;\"><span dir=\"auto\" style=\"vertical-align: inherit;\"><span dir=\"auto\" style=\"vertical-align: inherit;\">Form\u00fcl:<\/span><\/span><\/span><\/span><\/strong><span style=\"vertical-align: inherit;\"><span style=\"vertical-align: inherit;\"><span dir=\"auto\" style=\"vertical-align: inherit;\"><span dir=\"auto\" style=\"vertical-align: inherit;\"> 3-[2-(diallylamino)etil]-5-metoksiindol <\/span><\/span><\/span><\/span><br \/>\n<strong><span style=\"vertical-align: inherit;\"><span style=\"vertical-align: inherit;\"><span dir=\"auto\" style=\"vertical-align: inherit;\"><span dir=\"auto\" style=\"vertical-align: inherit;\">Mol K\u00fctlesi:<\/span><\/span><\/span><\/span><\/strong><span style=\"vertical-align: inherit;\"><span style=\"vertical-align: inherit;\"><span dir=\"auto\" style=\"vertical-align: inherit;\"><span dir=\"auto\" style=\"vertical-align: inherit;\"> 270,4 g\/mol <\/span><\/span><\/span><\/span><br \/>\n<strong><span style=\"vertical-align: inherit;\"><span style=\"vertical-align: inherit;\"><span dir=\"auto\" style=\"vertical-align: inherit;\"><span dir=\"auto\" style=\"vertical-align: inherit;\">Safl\u0131k:<\/span><\/span><\/span><\/span><\/strong><span style=\"vertical-align: inherit;\"><span style=\"vertical-align: inherit;\"><span dir=\"auto\" style=\"vertical-align: inherit;\"><span dir=\"auto\" style=\"vertical-align: inherit;\"> &gt;97%<\/span><\/span><\/span><\/span><\/p>","protected":false},"featured_media":28717,"comment_status":"closed","ping_status":"closed","template":"","meta":[],"product_brand":[],"product_cat":[455,381],"product_tag":[326],"class_list":{"0":"post-23481","1":"product","2":"type-product","3":"status-publish","4":"has-post-thumbnail","6":"product_cat-5-meo-dalt","7":"product_cat-tryptamines","8":"product_tag-nl","10":"first","11":"instock","12":"taxable","13":"shipping-taxable","14":"purchasable","15":"product-type-variable"},"_links":{"self":[{"href":"https:\/\/researchchemicalstore.eu\/tr\/wp-json\/wp\/v2\/product\/23481","targetHints":{"allow":["GET"]}}],"collection":[{"href":"https:\/\/researchchemicalstore.eu\/tr\/wp-json\/wp\/v2\/product"}],"about":[{"href":"https:\/\/researchchemicalstore.eu\/tr\/wp-json\/wp\/v2\/types\/product"}],"replies":[{"embeddable":true,"href":"https:\/\/researchchemicalstore.eu\/tr\/wp-json\/wp\/v2\/comments?post=23481"}],"version-history":[{"count":5,"href":"https:\/\/researchchemicalstore.eu\/tr\/wp-json\/wp\/v2\/product\/23481\/revisions"}],"predecessor-version":[{"id":28076,"href":"https:\/\/researchchemicalstore.eu\/tr\/wp-json\/wp\/v2\/product\/23481\/revisions\/28076"}],"wp:featuredmedia":[{"embeddable":true,"href":"https:\/\/researchchemicalstore.eu\/tr\/wp-json\/wp\/v2\/media\/28717"}],"wp:attachment":[{"href":"https:\/\/researchchemicalstore.eu\/tr\/wp-json\/wp\/v2\/media?parent=23481"}],"wp:term":[{"taxonomy":"product_brand","embeddable":true,"href":"https:\/\/researchchemicalstore.eu\/tr\/wp-json\/wp\/v2\/product_brand?post=23481"},{"taxonomy":"product_cat","embeddable":true,"href":"https:\/\/researchchemicalstore.eu\/tr\/wp-json\/wp\/v2\/product_cat?post=23481"},{"taxonomy":"product_tag","embeddable":true,"href":"https:\/\/researchchemicalstore.eu\/tr\/wp-json\/wp\/v2\/product_tag?post=23481"}],"curies":[{"name":"wp","href":"https:\/\/api.w.org\/{rel}","templated":true}]}}