{"id":23975,"date":"2025-04-13T17:40:48","date_gmt":"2025-04-13T17:40:48","guid":{"rendered":"https:\/\/researchchemicalstore.eu\/?post_type=product&#038;p=23975"},"modified":"2025-10-22T11:04:38","modified_gmt":"2025-10-22T11:04:38","slug":"2-mmc-pelet","status":"publish","type":"product","link":"https:\/\/researchchemicalstore.eu\/tr\/urun\/2-mmc-pelet\/","title":{"rendered":"2-MMC 220 mg peletler"},"content":{"rendered":"<h2><strong>2-MMC <\/strong><strong>peletler, <\/strong><strong>220 mg peletler<\/strong><\/h2>\n<p>Bu pelletlerin her biri 220 MG 2-MMC i\u00e7ermektedir.<\/p>\n<p>2-MMC peletleri yaln\u0131zca ara\u015ft\u0131rma ama\u00e7l\u0131 satt\u0131\u011f\u0131m\u0131z bir maddedir ve bu nedenle insan t\u00fcketimi i\u00e7in tasarlanmam\u0131\u015ft\u0131r. 2-MMC, do\u011fru ortamda sakland\u0131\u011f\u0131nda iki y\u0131la kadar ara\u015ft\u0131r\u0131labilir.<a title=\"MEAI\" href=\"https:\/\/researchchemicalstore.eu\/tr\/magaza\/diger\/meai\/\" target=\"_blank\" rel=\"noopener\">MEAI<\/a><\/p>\n<p>2-MMC yaln\u0131zca ara\u015ft\u0131rma ama\u00e7l\u0131d\u0131r ve t\u00fcketilmemelidir, bu nedenle 2-MMC&#039;yi \u00e7ocuklar\u0131n ve evcil hayvanlar\u0131n eri\u015femeyece\u011fi yerde saklamak \u00f6nemlidir.<a title=\"6-CL-ADBA\" href=\"https:\/\/researchchemicalstore.eu\/tr\/magaza\/neredeyse-yasaklandi\/6-cl-adba\/\" target=\"_blank\" rel=\"noopener\">6-CL-ADBA<\/a><\/p>\n<p>Uygun fiyatlarla y\u00fcksek kaliteli ara\u015ft\u0131rma kimyasallar\u0131 sunuyoruz. Sipari\u015finiz her g\u00fcn 24 saat i\u00e7inde kargoya verilir. 2-MMC&#039;yi g\u00fcvenli ve h\u0131zl\u0131 bir \u015fekilde sipari\u015f edin.<a title=\"2C-EF 2 mg Kaps\u00fcller\" href=\"https:\/\/researchchemicalstore.eu\/tr\/magaza\/fenetilamin\/2c-ef-2-mg-kapsul\/\" target=\"_blank\" rel=\"noopener\">2C-EF 2 mg Kaps\u00fcller<\/a><\/p>\n<h2>2-MMC \u00f6zellikleri<\/h2>\n<p><strong>CAS Numaras\u0131<\/strong>: 1246911-71-6<br \/>\n<strong>Form\u00fcl<\/strong>: C11h15NO \u2022 HCL<br \/>\n<strong>Mol k\u00fctlesi<\/strong>: 177.247<br \/>\n<strong>Safl\u0131k<\/strong>: \u226599%<\/p>\n<h3>Tehlike beyan\u0131<\/h3>\n<p>2-MMC solunum yolu tahri\u015fine neden olabilir<br \/>\n2-MMC g\u00f6z tahri\u015fine neden olabilir.<br \/>\nAra\u015ft\u0131rma kimyasallar\u0131n\u0131n \u00e7evreye at\u0131lmas\u0131 yasakt\u0131r.<a title=\"6-CL-ADBA\" href=\"https:\/\/researchchemicalstore.eu\/tr\/magaza\/neredeyse-yasaklandi\/6-cl-adba\/\" target=\"_blank\" rel=\"noopener\">6-CL-ADBA<\/a><\/p>\n<p>2-MMC G\u00d6ZE KA\u00c7ARSA: G\u00f6zlerinizi be\u015f dakika boyunca nazik\u00e7e suyla y\u0131kay\u0131n. Tak\u0131l\u0131ysa ve kolayca \u00e7\u0131kar\u0131labiliyorsa, kontakt lensleri \u00e7\u0131kar\u0131n.<\/p>\n<p>2-MMC C\u0130LTLE TEMAS HAL\u0130NDE: Cildi sabun ve su ile y\u0131kay\u0131n\u0131z.<\/p>\n<p>2-MMC&#039;N\u0130N SOLUNUMUNDAN SONRA: Kurban\u0131 al\u0131n <a href=\"http:\/\/google.nl\" target=\"_blank\" rel=\"noopener\">i\u00e7inde<\/a> temiz hava al\u0131n ve hastan\u0131n rahat nefes alabilece\u011fi bir pozisyonda durmas\u0131n\u0131 sa\u011flay\u0131n.<\/p>","protected":false},"excerpt":{"rendered":"<h2>2-MMC \u00f6zellikleri<\/h2>\n<p><strong>CAS Numaras\u0131<\/strong>: 1246911-71-6<br \/>\n<strong>Form\u00fcl<\/strong>: C11h15NO \u2022 HCL<br \/>\n<strong>Mol k\u00fctlesi<\/strong>: 177.247<br \/>\n<strong>Safl\u0131k<\/strong>: \u226599%<\/p>","protected":false},"featured_media":28603,"comment_status":"closed","ping_status":"closed","template":"","meta":[],"product_brand":[82],"product_cat":[372,463,322,79,324],"product_tag":[83,679,652,678,326],"class_list":{"0":"post-23975","1":"product","2":"type-product","3":"status-publish","4":"has-post-thumbnail","6":"product_brand-research-chemical","7":"product_cat-2-mmc-kopen","8":"product_cat-2-mmc-pellets","9":"product_cat-bijna-verboden","10":"product_cat-cathinonen","11":"product_cat-pellets-for-pellet","12":"product_tag-2-mmc-kopen","13":"product_tag-2-mmc-pellets","14":"product_tag-2-mmc-pellets-kopen","15":"product_tag-2mmc-pellets","16":"product_tag-nl","18":"first","19":"instock","20":"taxable","21":"shipping-taxable","22":"purchasable","23":"product-type-variable"},"_links":{"self":[{"href":"https:\/\/researchchemicalstore.eu\/tr\/wp-json\/wp\/v2\/product\/23975","targetHints":{"allow":["GET"]}}],"collection":[{"href":"https:\/\/researchchemicalstore.eu\/tr\/wp-json\/wp\/v2\/product"}],"about":[{"href":"https:\/\/researchchemicalstore.eu\/tr\/wp-json\/wp\/v2\/types\/product"}],"replies":[{"embeddable":true,"href":"https:\/\/researchchemicalstore.eu\/tr\/wp-json\/wp\/v2\/comments?post=23975"}],"version-history":[{"count":3,"href":"https:\/\/researchchemicalstore.eu\/tr\/wp-json\/wp\/v2\/product\/23975\/revisions"}],"predecessor-version":[{"id":25527,"href":"https:\/\/researchchemicalstore.eu\/tr\/wp-json\/wp\/v2\/product\/23975\/revisions\/25527"}],"wp:featuredmedia":[{"embeddable":true,"href":"https:\/\/researchchemicalstore.eu\/tr\/wp-json\/wp\/v2\/media\/28603"}],"wp:attachment":[{"href":"https:\/\/researchchemicalstore.eu\/tr\/wp-json\/wp\/v2\/media?parent=23975"}],"wp:term":[{"taxonomy":"product_brand","embeddable":true,"href":"https:\/\/researchchemicalstore.eu\/tr\/wp-json\/wp\/v2\/product_brand?post=23975"},{"taxonomy":"product_cat","embeddable":true,"href":"https:\/\/researchchemicalstore.eu\/tr\/wp-json\/wp\/v2\/product_cat?post=23975"},{"taxonomy":"product_tag","embeddable":true,"href":"https:\/\/researchchemicalstore.eu\/tr\/wp-json\/wp\/v2\/product_tag?post=23975"}],"curies":[{"name":"wp","href":"https:\/\/api.w.org\/{rel}","templated":true}]}}