{"id":24144,"date":"2025-04-13T17:41:08","date_gmt":"2025-04-13T17:41:08","guid":{"rendered":"https:\/\/researchchemicalstore.eu\/?post_type=product&#038;p=24144"},"modified":"2025-10-22T09:03:49","modified_gmt":"2025-10-22T09:03:49","slug":"chem-mist-noopept-spray","status":"publish","type":"product","link":"https:\/\/researchchemicalstore.eu\/tr\/urun\/chem-mist-noopept-spray\/","title":{"rendered":"Chem-mist NOOPEPT Sprey"},"content":{"rendered":"<h2><strong>Chem-mist NOOPEPT Sprey<\/strong><\/h2>\n<ul>\n<li><strong>Perakende ambalaj\u0131<br \/>\n<\/strong><\/li>\n<li><strong>Sprey ba\u015f\u0131na ml miktar\u0131: 10<\/strong><\/li>\n<li><strong>Hoeveelheid NOOPEPT per spray: 105mg<\/strong><\/li>\n<li><strong>Fiyatlara 21% KDV dahil de\u011fildir<\/strong><\/li>\n<li><strong>\u00d6nerilen perakende fiyat\u0131: KDV dahil 24,95 \u20ac<\/strong><\/li>\n<\/ul>","protected":false},"excerpt":{"rendered":"<p>Chem-mist NOOPEPT Spray Retailverpakking Hoeveelheid ml per spray: 10 Hoeveelheid NOOPEPT per spray: 105mg Prijzen exclusief 21% BTW Adviesverkoopprijs: \u20ac24,95<\/p>","protected":false},"featured_media":28760,"comment_status":"closed","ping_status":"closed","template":"","meta":[],"product_brand":[],"product_cat":[555],"product_tag":[326],"class_list":{"0":"post-24144","1":"product","2":"type-product","3":"status-publish","4":"has-post-thumbnail","6":"product_cat-b2b","7":"product_tag-nl","9":"first","10":"instock","11":"taxable","12":"shipping-taxable","13":"purchasable","14":"product-type-variable"},"_links":{"self":[{"href":"https:\/\/researchchemicalstore.eu\/tr\/wp-json\/wp\/v2\/product\/24144","targetHints":{"allow":["GET"]}}],"collection":[{"href":"https:\/\/researchchemicalstore.eu\/tr\/wp-json\/wp\/v2\/product"}],"about":[{"href":"https:\/\/researchchemicalstore.eu\/tr\/wp-json\/wp\/v2\/types\/product"}],"replies":[{"embeddable":true,"href":"https:\/\/researchchemicalstore.eu\/tr\/wp-json\/wp\/v2\/comments?post=24144"}],"version-history":[{"count":2,"href":"https:\/\/researchchemicalstore.eu\/tr\/wp-json\/wp\/v2\/product\/24144\/revisions"}],"predecessor-version":[{"id":28923,"href":"https:\/\/researchchemicalstore.eu\/tr\/wp-json\/wp\/v2\/product\/24144\/revisions\/28923"}],"wp:featuredmedia":[{"embeddable":true,"href":"https:\/\/researchchemicalstore.eu\/tr\/wp-json\/wp\/v2\/media\/28760"}],"wp:attachment":[{"href":"https:\/\/researchchemicalstore.eu\/tr\/wp-json\/wp\/v2\/media?parent=24144"}],"wp:term":[{"taxonomy":"product_brand","embeddable":true,"href":"https:\/\/researchchemicalstore.eu\/tr\/wp-json\/wp\/v2\/product_brand?post=24144"},{"taxonomy":"product_cat","embeddable":true,"href":"https:\/\/researchchemicalstore.eu\/tr\/wp-json\/wp\/v2\/product_cat?post=24144"},{"taxonomy":"product_tag","embeddable":true,"href":"https:\/\/researchchemicalstore.eu\/tr\/wp-json\/wp\/v2\/product_tag?post=24144"}],"curies":[{"name":"wp","href":"https:\/\/api.w.org\/{rel}","templated":true}]}}