{"id":24146,"date":"2025-04-13T17:41:08","date_gmt":"2025-04-13T17:41:08","guid":{"rendered":"https:\/\/researchchemicalstore.eu\/?post_type=product&#038;p=24146"},"modified":"2025-10-22T09:07:21","modified_gmt":"2025-10-22T09:07:21","slug":"chem-mist-4-ho-met-7-spray","status":"publish","type":"product","link":"https:\/\/researchchemicalstore.eu\/tr\/urun\/chem-mist-4-ho-met-7-spray\/","title":{"rendered":"Chem-mist 4-HO-MET 7% Sprey"},"content":{"rendered":"<h2><strong>Chem-mist 4-HO-MET 7% 10 ML Spray<\/strong><\/h2>\n<ul>\n<li><strong>Perakende ambalaj\u0131<br \/>\n<\/strong><\/li>\n<li><strong>Sprey ba\u015f\u0131na ml miktar\u0131: 10<\/strong><\/li>\n<li><strong>Hoeveelheid 4-HO-MET per spray: 0,7gr<\/strong><\/li>\n<li><strong>Fiyatlara 21% KDV dahil de\u011fildir<\/strong><\/li>\n<li><strong>Adviesverkoopprijs: \u20ac109,95 incl. BTW<\/strong><\/li>\n<\/ul>","protected":false},"excerpt":{"rendered":"<p>Chem-mist 4-HO-MET 7% 10 ML Sprey Perakende ambalaj\u0131 Sprey ba\u015f\u0131na miktar ml: 10 Sprey ba\u015f\u0131na 4-HO-MET miktar\u0131: 0,7 gr Fiyatlara 21% dahil de\u011fildir<\/p>","protected":false},"featured_media":28759,"comment_status":"closed","ping_status":"closed","template":"","meta":[],"product_brand":[],"product_cat":[555],"product_tag":[326],"class_list":{"0":"post-24146","1":"product","2":"type-product","3":"status-publish","4":"has-post-thumbnail","6":"product_cat-b2b","7":"product_tag-nl","9":"first","10":"instock","11":"taxable","12":"shipping-taxable","13":"purchasable","14":"product-type-variable"},"_links":{"self":[{"href":"https:\/\/researchchemicalstore.eu\/tr\/wp-json\/wp\/v2\/product\/24146","targetHints":{"allow":["GET"]}}],"collection":[{"href":"https:\/\/researchchemicalstore.eu\/tr\/wp-json\/wp\/v2\/product"}],"about":[{"href":"https:\/\/researchchemicalstore.eu\/tr\/wp-json\/wp\/v2\/types\/product"}],"replies":[{"embeddable":true,"href":"https:\/\/researchchemicalstore.eu\/tr\/wp-json\/wp\/v2\/comments?post=24146"}],"version-history":[{"count":2,"href":"https:\/\/researchchemicalstore.eu\/tr\/wp-json\/wp\/v2\/product\/24146\/revisions"}],"predecessor-version":[{"id":28924,"href":"https:\/\/researchchemicalstore.eu\/tr\/wp-json\/wp\/v2\/product\/24146\/revisions\/28924"}],"wp:featuredmedia":[{"embeddable":true,"href":"https:\/\/researchchemicalstore.eu\/tr\/wp-json\/wp\/v2\/media\/28759"}],"wp:attachment":[{"href":"https:\/\/researchchemicalstore.eu\/tr\/wp-json\/wp\/v2\/media?parent=24146"}],"wp:term":[{"taxonomy":"product_brand","embeddable":true,"href":"https:\/\/researchchemicalstore.eu\/tr\/wp-json\/wp\/v2\/product_brand?post=24146"},{"taxonomy":"product_cat","embeddable":true,"href":"https:\/\/researchchemicalstore.eu\/tr\/wp-json\/wp\/v2\/product_cat?post=24146"},{"taxonomy":"product_tag","embeddable":true,"href":"https:\/\/researchchemicalstore.eu\/tr\/wp-json\/wp\/v2\/product_tag?post=24146"}],"curies":[{"name":"wp","href":"https:\/\/api.w.org\/{rel}","templated":true}]}}