{"id":24175,"date":"2025-04-13T17:41:13","date_gmt":"2025-04-13T17:41:13","guid":{"rendered":"https:\/\/researchchemicalstore.eu\/?post_type=product&#038;p=24175"},"modified":"2025-10-21T18:20:40","modified_gmt":"2025-10-21T18:20:40","slug":"norflurazepam-etkisi","status":"publish","type":"product","link":"https:\/\/researchchemicalstore.eu\/tr\/urun\/norflurazepam-etkisi\/","title":{"rendered":"RC+ Norflurazepam 5 mg Kutu"},"content":{"rendered":"<h2><strong>Norflurazepam Etkileri \u2013 Bilmeniz Gerekenler<\/strong><\/h2>\n<p>Norflurazepam, yat\u0131\u015ft\u0131r\u0131c\u0131, kas gev\u015fetici ve kayg\u0131 giderici etkileri olan bir benzodiazepin t\u00fcrevidir. Bazen uyku ilac\u0131 veya kayg\u0131 giderici olarak kullan\u0131lsa da, Hollanda ve Bel\u00e7ika da dahil olmak \u00fczere bir\u00e7ok \u00fclkede kullan\u0131lmamaktad\u0131r. <strong>onaylanmad\u0131<\/strong> T\u0131bbi ama\u00e7l\u0131 kullan\u0131m i\u00e7indir. K\u00f6t\u00fcye kullan\u0131m ve ba\u011f\u0131ml\u0131l\u0131k riski nedeniyle genellikle <strong>Afyon Yasas\u0131<\/strong>.<\/p>\n<hr \/>\n<h3>\ud83d\udce6 Norflurazepam 5 mg (50 pelet) hakk\u0131nda bilgi<\/h3>\n<h4>1. <strong>Yasal stat\u00fc<\/strong><\/h4>\n<ul>\n<li><strong>Hollanda<\/strong>: Norflurazepam \u015fu anda <strong>Afyon Yasas\u0131&#039;n\u0131n I. Listesi<\/strong>Ruhsats\u0131z bulundurulmas\u0131, ticareti veya \u00fcretimi cezaland\u0131r\u0131l\u0131r.<\/li>\n<li><strong>Bel\u00e7ika<\/strong>: Ayr\u0131ca a\u015fa\u011f\u0131dakiler kapsam\u0131nda da yasakt\u0131r: <strong>uyu\u015fturucu yasalar\u0131<\/strong>\u0130la\u00e7 olarak kabul edilmiyor.<a href=\"https:\/\/researchchemicalstore.eu\/tr\/magaza\/b2b\/norflurazepam-10-mg-kutu\/\">RC+ Norflurazepam 10 mg Kutu<\/a><\/li>\n<\/ul>\n<h4>2. <strong>Sa\u011fl\u0131k riskleri<\/strong><\/h4>\n<ul>\n<li><strong>Y\u00fcksek ba\u011f\u0131ml\u0131l\u0131k riski<\/strong>: Hem fiziksel hem de psikolojik ba\u011f\u0131ml\u0131l\u0131k.<\/li>\n<li><strong>Uzun vadeli kullan\u0131m<\/strong> \u015funlara yol a\u00e7abilir:\n<ul>\n<li>Tolerans (giderek daha y\u00fcksek dozaja ihtiya\u00e7 duyulmas\u0131)<\/li>\n<li>Kayg\u0131, uykusuzluk, n\u00f6betler gibi yoksunluk belirtileri<\/li>\n<\/ul>\n<\/li>\n<li><strong>Tehlikeli kombinasyonlar<\/strong>: Alkol veya di\u011fer depresanlarla (opioidler gibi) birlikte al\u0131nmas\u0131 solunum depresyonuna ve \u00f6l\u00fcme yol a\u00e7abilir.<a title=\"6-CL-ADBA\" href=\"https:\/\/researchchemicalstore.eu\/tr\/magaza\/neredeyse-yasaklandi\/6-cl-adba\/\" target=\"_blank\" rel=\"noopener\">6-CL-ADBA<\/a><\/li>\n<\/ul>\n<h4>3. <strong>T\u0131bbi tavsiye<\/strong><\/h4>\n<ul>\n<li>Bu \u00e7areyi kullan\u0131n <strong>sadece t\u0131bbi g\u00f6zetim alt\u0131nda<\/strong> yasal oldu\u011fu \u00fclkelerde.<\/li>\n<li>\u0130stismara veya ba\u011f\u0131ml\u0131l\u0131\u011fa m\u0131 maruz kal\u0131yorsunuz? <strong>Profesyonel yard\u0131m al\u0131n.<a title=\"2C-EF 2 mg Kaps\u00fcller\" href=\"https:\/\/researchchemicalstore.eu\/tr\/magaza\/fenetilamin\/2c-ef-2-mg-kapsul\/\" target=\"_blank\" rel=\"noopener\">2C-EF 2 mg Kaps\u00fcller<\/a><\/strong><\/li>\n<\/ul>\n<hr \/>\n<h3>\u26a0\ufe0f\u00d6nemli uyar\u0131<\/h3>\n<p>Kullan\u0131m <strong>Asla<\/strong> Norflurazepam&#039;\u0131 doktor re\u00e7etesi olmadan almak. \u0130nternet \u00fczerinden veya sokak sat\u0131c\u0131lar\u0131 arac\u0131l\u0131\u011f\u0131yla yap\u0131lan yasad\u0131\u015f\u0131 ticaret \u00f6nemli riskler ta\u015f\u0131r:<\/p>\n<ul>\n<li>Haplar\u0131n olas\u0131 kontaminasyonu<\/li>\n<li>G\u00fcvenilmez dozaj<\/li>\n<\/ul>\n<p>\u0130\u00e7in <strong>g\u00fcvenli ve yasal alternatifler<\/strong> Uyku problemleriniz veya kayg\u0131 \u015fikayetleriniz varsa l\u00fctfen doktorunuzla ileti\u015fime ge\u00e7in. <strong>pratisyen hekim veya eczac\u0131<\/strong>.<\/p>\n<p>&nbsp;<\/p>","protected":false},"excerpt":{"rendered":"<p>Norflurazepam Etkileri - Bilmeniz Gerekenler Norflurazepam, yat\u0131\u015ft\u0131r\u0131c\u0131, kas gev\u015fetici ve kayg\u0131 giderici etkileri olan bir benzodiazepin t\u00fcrevidir.<\/p>","protected":false},"featured_media":28862,"comment_status":"closed","ping_status":"closed","template":"","meta":[],"product_brand":[82],"product_cat":[555],"product_tag":[326,132,137,135,134,136,133],"class_list":{"0":"post-24175","1":"product","2":"type-product","3":"status-publish","4":"has-post-thumbnail","6":"product_brand-research-chemical","7":"product_cat-b2b","8":"product_tag-nl","9":"product_tag-norflurazepam","10":"product_tag-norflurazepam-dosering","11":"product_tag-norflurazepam-ervaring","12":"product_tag-norflurazepam-ervaringen","13":"product_tag-norflurazepam-psychonaut","14":"product_tag-norflurazepam-werking","16":"first","17":"instock","18":"taxable","19":"shipping-taxable","20":"purchasable","21":"product-type-variable"},"_links":{"self":[{"href":"https:\/\/researchchemicalstore.eu\/tr\/wp-json\/wp\/v2\/product\/24175","targetHints":{"allow":["GET"]}}],"collection":[{"href":"https:\/\/researchchemicalstore.eu\/tr\/wp-json\/wp\/v2\/product"}],"about":[{"href":"https:\/\/researchchemicalstore.eu\/tr\/wp-json\/wp\/v2\/types\/product"}],"replies":[{"embeddable":true,"href":"https:\/\/researchchemicalstore.eu\/tr\/wp-json\/wp\/v2\/comments?post=24175"}],"version-history":[{"count":3,"href":"https:\/\/researchchemicalstore.eu\/tr\/wp-json\/wp\/v2\/product\/24175\/revisions"}],"predecessor-version":[{"id":26023,"href":"https:\/\/researchchemicalstore.eu\/tr\/wp-json\/wp\/v2\/product\/24175\/revisions\/26023"}],"wp:featuredmedia":[{"embeddable":true,"href":"https:\/\/researchchemicalstore.eu\/tr\/wp-json\/wp\/v2\/media\/28862"}],"wp:attachment":[{"href":"https:\/\/researchchemicalstore.eu\/tr\/wp-json\/wp\/v2\/media?parent=24175"}],"wp:term":[{"taxonomy":"product_brand","embeddable":true,"href":"https:\/\/researchchemicalstore.eu\/tr\/wp-json\/wp\/v2\/product_brand?post=24175"},{"taxonomy":"product_cat","embeddable":true,"href":"https:\/\/researchchemicalstore.eu\/tr\/wp-json\/wp\/v2\/product_cat?post=24175"},{"taxonomy":"product_tag","embeddable":true,"href":"https:\/\/researchchemicalstore.eu\/tr\/wp-json\/wp\/v2\/product_tag?post=24175"}],"curies":[{"name":"wp","href":"https:\/\/api.w.org\/{rel}","templated":true}]}}