{"id":24200,"date":"2025-04-13T17:41:14","date_gmt":"2025-04-13T17:41:14","guid":{"rendered":"https:\/\/researchchemicalstore.eu\/?post_type=product&#038;p=24200"},"modified":"2025-10-21T18:18:47","modified_gmt":"2025-10-21T18:18:47","slug":"1p-lsd-poseti-3-kurutma-kagidi","status":"publish","type":"product","link":"https:\/\/researchchemicalstore.eu\/tr\/urun\/1p-lsd-poseti-3-kurutma-kagidi\/","title":{"rendered":"1P-LSD po\u015fet 3 kurutma ka\u011f\u0131d\u0131"},"content":{"rendered":"<h2><strong>3 kurutma ka\u011f\u0131d\u0131 i\u00e7eren 1P-LSD torbas\u0131<\/strong><\/h2>\n<ul>\n<li><strong>Perakende ambalaj\u0131<br \/>\n<\/strong><\/li>\n<li><strong>Torba ba\u015f\u0131na kurutma ka\u011f\u0131d\u0131 say\u0131s\u0131: 3<\/strong><\/li>\n<li><strong>Fiyatlara 21% KDV dahil de\u011fildir<\/strong><\/li>\n<li><strong>\u00d6nerilen perakende fiyat\u0131: 25,00 \u20ac KDV dahil<\/strong><\/li>\n<\/ul>","protected":false},"excerpt":{"rendered":"<p>3 kurutma ka\u011f\u0131d\u0131 i\u00e7eren 1P-LSD po\u015fet Perakende ambalaj\u0131 Po\u015fet ba\u015f\u0131na kurutma ka\u011f\u0131d\u0131 say\u0131s\u0131: 3 Fiyatlara 21% KDV dahil de\u011fildir Tavsiye edilen perakende fiyat\u0131: 25,00 \u20ac KDV dahil<\/p>","protected":false},"featured_media":28571,"comment_status":"closed","ping_status":"closed","template":"","meta":[],"product_brand":[],"product_cat":[555],"product_tag":[774,326],"class_list":{"0":"post-24200","1":"product","2":"type-product","3":"status-publish","4":"has-post-thumbnail","6":"product_cat-b2b","7":"product_tag-lsd-bestellen","8":"product_tag-nl","10":"first","11":"instock","12":"taxable","13":"shipping-taxable","14":"purchasable","15":"product-type-variable"},"_links":{"self":[{"href":"https:\/\/researchchemicalstore.eu\/tr\/wp-json\/wp\/v2\/product\/24200","targetHints":{"allow":["GET"]}}],"collection":[{"href":"https:\/\/researchchemicalstore.eu\/tr\/wp-json\/wp\/v2\/product"}],"about":[{"href":"https:\/\/researchchemicalstore.eu\/tr\/wp-json\/wp\/v2\/types\/product"}],"replies":[{"embeddable":true,"href":"https:\/\/researchchemicalstore.eu\/tr\/wp-json\/wp\/v2\/comments?post=24200"}],"version-history":[{"count":2,"href":"https:\/\/researchchemicalstore.eu\/tr\/wp-json\/wp\/v2\/product\/24200\/revisions"}],"predecessor-version":[{"id":25896,"href":"https:\/\/researchchemicalstore.eu\/tr\/wp-json\/wp\/v2\/product\/24200\/revisions\/25896"}],"wp:featuredmedia":[{"embeddable":true,"href":"https:\/\/researchchemicalstore.eu\/tr\/wp-json\/wp\/v2\/media\/28571"}],"wp:attachment":[{"href":"https:\/\/researchchemicalstore.eu\/tr\/wp-json\/wp\/v2\/media?parent=24200"}],"wp:term":[{"taxonomy":"product_brand","embeddable":true,"href":"https:\/\/researchchemicalstore.eu\/tr\/wp-json\/wp\/v2\/product_brand?post=24200"},{"taxonomy":"product_cat","embeddable":true,"href":"https:\/\/researchchemicalstore.eu\/tr\/wp-json\/wp\/v2\/product_cat?post=24200"},{"taxonomy":"product_tag","embeddable":true,"href":"https:\/\/researchchemicalstore.eu\/tr\/wp-json\/wp\/v2\/product_tag?post=24200"}],"curies":[{"name":"wp","href":"https:\/\/api.w.org\/{rel}","templated":true}]}}