{"id":24343,"date":"2025-04-13T17:41:31","date_gmt":"2025-04-13T17:41:31","guid":{"rendered":"https:\/\/researchchemicalstore.eu\/?post_type=product&#038;p=24343"},"modified":"2026-02-02T09:56:39","modified_gmt":"2026-02-02T09:56:39","slug":"dijital-biyo-mini-olcek","status":"publish","type":"product","link":"https:\/\/researchchemicalstore.eu\/tr\/urun\/dijital-biyo-mini-olcek\/","title":{"rendered":"Dijital Biyo Mini Terazi \u2013 20g x 0,001g"},"content":{"rendered":"<h1><strong>Dijital Biyo Mini \u00d6l\u00e7ek 20g x 0,001g<\/strong><\/h1>\n<p>Son derece hassas \u00e7al\u0131\u015f\u0131n. <strong>Dijital Biyo Mini \u00d6l\u00e7ek<\/strong> kadar a\u011f\u0131rl\u0131\u011fa sahip <strong>20 gram<\/strong> do\u011frulukla <strong>0,001 gram<\/strong> \u2013 Biyomedikal uygulamalar, mikrodozajlama, takviye ara\u015ft\u0131rmalar\u0131 veya laboratuvar analizleri i\u00e7in idealdir. Boyutu k\u00fc\u00e7\u00fck, performans\u0131 b\u00fcy\u00fck.<a href=\"https:\/\/researchchemicalstore.eu\/tr\/magaza\/teraziler\/dijital-mini-terazi\/\">Profesyonel Dijital Mini Terazi \u2013 50g x 0,001g<\/a><\/p>\n<hr \/>\n<h4><strong>\u00d6zellikler:<\/strong><\/h4>\n<ul>\n<li><strong>\u00d6l\u00e7\u00fcm aral\u0131\u011f\u0131:<\/strong> 0,001 g \u2013 20 g<\/li>\n<li><strong>Kesinlik:<\/strong> 1 miligram (0,001 g)<\/li>\n<li><strong>G\u00f6r\u00fcnt\u00fclemek:<\/strong> Arka ayd\u0131nlatmal\u0131 parlak LCD ekran<\/li>\n<li><strong>Tart\u0131m birimleri:<\/strong> g, oz, ct, gn, dwt, ozt<\/li>\n<li><strong>\u00d6zellikler:<\/strong> Tara fonksiyonu, otomatik kapanma, h\u0131zl\u0131 tepki s\u00fcresi<\/li>\n<li><strong>G\u00fc\u00e7 kayna\u011f\u0131:<\/strong> 2x AAA pil (dahil veya iste\u011fe ba\u011fl\u0131)<\/li>\n<li><strong>Bi\u00e7im:<\/strong> Ultra kompakt ve hafiftir \u2013 elinize veya ceket cebinize m\u00fckemmel \u015fekilde s\u0131\u011far.<a href=\"https:\/\/researchchemicalstore.eu\/tr\/magaza\/teraziler\/dijital-cs-olcegi\/\">Dijital CS Terazisi \u2013 100g<\/a> x 0,01 g<\/li>\n<\/ul>\n<hr \/>\n<h4><strong>Uygulamalar:<\/strong><\/h4>\n<p>\u2714 Biyolojik \u00f6rnekler ve mikro deneyler<br \/>\n\u2714 Takviyelerin veya bitki \u00f6zlerinin mikro dozlanmas\u0131<br \/>\n\u2714 Laboratuvar ve bilimsel \u00f6l\u00e7\u00fcmler<br \/>\n\u2714 M\u00fccevher, de\u011ferli ta\u015flar veya k\u0131ymetli metaller.<a href=\"https:\/\/researchchemicalstore.eu\/tr\/magaza\/teraziler\/dijital-tank-mini-terazisi\/\">Dijital Tank Mini Terazi \u2013 20g x 0,001g<\/a><\/p>\n<hr \/>\n<p>\ud83c\udfaf <strong>Neden bu biyo \u00f6l\u00e7e\u011fi se\u00e7tiniz?<\/strong><\/p>\n<ul>\n<li>D\u00fc\u015f\u00fck dozlarda son derece hassas<\/li>\n<li>Dalgalanmalar olmadan g\u00fcvenilir \u00f6l\u00e7\u00fcmler<\/li>\n<li>Dayan\u0131kl\u0131, ta\u015f\u0131nabilir ve kullan\u0131ma haz\u0131r<\/li>\n<\/ul>","protected":false},"excerpt":{"rendered":"<p><strong>\u00d6zellikler:<\/strong><\/p>\n<ul>\n<li>Dijital<\/li>\n<li>0,001 g&#039;dan ba\u015flayan a\u011f\u0131rl\u0131klar<\/li>\n<li>Maksimum 20g a\u011f\u0131rl\u0131\u011f\u0131ndad\u0131r<\/li>\n<li>\u00c7al\u0131\u015f\u0131r: 2x AAA pil<\/li>\n<li>LCD ekran<\/li>\n<li>Renk: siyah<\/li>\n<\/ul>","protected":false},"featured_media":24680,"comment_status":"closed","ping_status":"closed","template":"","meta":[],"product_brand":[],"product_cat":[451],"product_tag":[452,848,764,767,765,766,768],"class_list":{"0":"post-24343","1":"product","2":"type-product","3":"status-publish","4":"has-post-thumbnail","6":"product_cat-weegschalen","7":"product_tag-de","8":"product_tag-digitale-bio-mini-weegschaal","9":"product_tag-digitale-cs-weegschaal","10":"product_tag-digitale-microweegschaal","11":"product_tag-milligramweegschaal","12":"product_tag-precise-weegschaal-0-001g","13":"product_tag-weegschaal-voor-research-chemicals","15":"first","16":"instock","17":"taxable","18":"shipping-taxable","19":"purchasable","20":"product-type-simple"},"_links":{"self":[{"href":"https:\/\/researchchemicalstore.eu\/tr\/wp-json\/wp\/v2\/product\/24343","targetHints":{"allow":["GET"]}}],"collection":[{"href":"https:\/\/researchchemicalstore.eu\/tr\/wp-json\/wp\/v2\/product"}],"about":[{"href":"https:\/\/researchchemicalstore.eu\/tr\/wp-json\/wp\/v2\/types\/product"}],"replies":[{"embeddable":true,"href":"https:\/\/researchchemicalstore.eu\/tr\/wp-json\/wp\/v2\/comments?post=24343"}],"version-history":[{"count":5,"href":"https:\/\/researchchemicalstore.eu\/tr\/wp-json\/wp\/v2\/product\/24343\/revisions"}],"predecessor-version":[{"id":25978,"href":"https:\/\/researchchemicalstore.eu\/tr\/wp-json\/wp\/v2\/product\/24343\/revisions\/25978"}],"wp:featuredmedia":[{"embeddable":true,"href":"https:\/\/researchchemicalstore.eu\/tr\/wp-json\/wp\/v2\/media\/24680"}],"wp:attachment":[{"href":"https:\/\/researchchemicalstore.eu\/tr\/wp-json\/wp\/v2\/media?parent=24343"}],"wp:term":[{"taxonomy":"product_brand","embeddable":true,"href":"https:\/\/researchchemicalstore.eu\/tr\/wp-json\/wp\/v2\/product_brand?post=24343"},{"taxonomy":"product_cat","embeddable":true,"href":"https:\/\/researchchemicalstore.eu\/tr\/wp-json\/wp\/v2\/product_cat?post=24343"},{"taxonomy":"product_tag","embeddable":true,"href":"https:\/\/researchchemicalstore.eu\/tr\/wp-json\/wp\/v2\/product_tag?post=24343"}],"curies":[{"name":"wp","href":"https:\/\/api.w.org\/{rel}","templated":true}]}}