{"id":24365,"date":"2025-04-13T17:41:35","date_gmt":"2025-04-13T17:41:35","guid":{"rendered":"https:\/\/researchchemicalstore.eu\/?post_type=product&#038;p=24365"},"modified":"2025-10-21T13:08:48","modified_gmt":"2025-10-21T13:08:48","slug":"2-ozellik-2","status":"publish","type":"product","link":"https:\/\/researchchemicalstore.eu\/tr\/urun\/2-ozellik-2\/","title":{"rendered":"Newphoria 2\/3-FEA 35 MG\/100MG Peletler"},"content":{"rendered":"<h1><strong>\u00dcr\u00fcn tan\u0131m\u0131: Newphoria 2\/3-FEA 35 mg\/100 mg Peletler<\/strong><\/h1>\n<p>2 fea<\/p>\n<p class=\"ds-markdown-paragraph\"><strong>Birle\u015ftirmek:<\/strong><\/p>\n<ul>\n<li>\n<p class=\"ds-markdown-paragraph\"><strong>2-FEA (2-Floroetamfetamin):<\/strong>\u00a035 mg<\/p>\n<\/li>\n<li>\n<p class=\"ds-markdown-paragraph\"><strong>3-FEA (3-Floroetamfetamin):<\/strong>\u00a0100 mg<br \/>\n<strong>Bi\u00e7im:<\/strong>\u00a0Kontroll\u00fc sal\u0131n\u0131m i\u00e7in mikro kaps\u00fcllenmi\u015f peletler<br \/>\n<strong>D\u0131\u015f g\u00f6r\u00fcn\u00fc\u015f:<\/strong>\u00a0Yuvarlak, tek tip peletler (renk partiye g\u00f6re de\u011fi\u015fir)<br \/>\n<strong>Pelet ba\u015f\u0131na a\u011f\u0131rl\u0131k:<\/strong>\u00a0~200 mg<br \/>\n<strong>CAS numaralar\u0131:<\/strong><\/p>\n<\/li>\n<li>\n<p class=\"ds-markdown-paragraph\">2-FEA: 156540-41-9<\/p>\n<\/li>\n<li>\n<p class=\"ds-markdown-paragraph\">3-FEA: 156540-42-0<br \/>\n<strong>Molek\u00fcler form\u00fcller:<\/strong><\/p>\n<\/li>\n<li>\n<p class=\"ds-markdown-paragraph\">2-FEA: C\u2081\u2080H\u2081\u2084FN<\/p>\n<\/li>\n<li>\n<p class=\"ds-markdown-paragraph\">3-FEA: C\u2081\u2080H\u2081\u2084FN<\/p>\n<\/li>\n<\/ul>\n<h3><strong>Tan\u0131m:<\/strong><\/h3>\n<p class=\"ds-markdown-paragraph\">Newphoria 2\/3-FEA peletleri, dengeli bir uyar\u0131c\u0131 ve empatik deneyim i\u00e7in tasarlanm\u0131\u015f, iki florlu amfetamin t\u00fcrevinin geli\u015fmi\u015f bir kombinasyonudur. Bu peletler, toz formlar\u0131na g\u00f6re daha yava\u015f sal\u0131n\u0131m sa\u011flayarak daha yumu\u015fak ve daha uzun s\u00fcreli bir etki sa\u011flar.<\/p>\n<p class=\"ds-markdown-paragraph\"><strong>Birincil Etkiler:<\/strong><\/p>\n<ul>\n<li>\n<p class=\"ds-markdown-paragraph\">Uyar\u0131m (2-FEA bask\u0131n)<\/p>\n<\/li>\n<li>\n<p class=\"ds-markdown-paragraph\">Empatojenik ve Sosyal Etkiler (3-FEA bask\u0131n)<\/p>\n<\/li>\n<li>\n<p class=\"ds-markdown-paragraph\">Artan odaklanma ve \u00f6fori<\/p>\n<\/li>\n<\/ul>\n<hr \/>\n<h2><strong>Kullan\u0131m \u00d6rnekleri ve Uygulamalar<\/strong><\/h2>\n<h3><strong>1. Fonksiyonel Kullan\u0131m (T\u0131bbi Kullan\u0131m \u0130\u00e7in Onaylanmam\u0131\u015ft\u0131r)<\/strong><\/h3>\n<ul>\n<li>\n<p class=\"ds-markdown-paragraph\"><strong>Artan \u00fcretkenlik<\/strong>\u00a0\u2013 Uzun s\u00fcreli \u00e7al\u0131\u015fma veya ders \u00e7al\u0131\u015fma seanslar\u0131 i\u00e7in idealdir.<\/p>\n<\/li>\n<li>\n<p class=\"ds-markdown-paragraph\"><strong>Sosyal Durumlar<\/strong>\u00a0\u2013 Sosyal kayg\u0131n\u0131n azalmas\u0131 ve ba\u015fkalar\u0131yla ba\u011flant\u0131n\u0131n artmas\u0131.<\/p>\n<\/li>\n<\/ul>\n<h3><strong>2. E\u011flence Ama\u00e7l\u0131 Kullan\u0131m (Dikkatli Olun)<\/strong><\/h3>\n<ul>\n<li>\n<p class=\"ds-markdown-paragraph\"><strong>Partiler ve Festivaller<\/strong>\u00a0\u2013 A\u015f\u0131r\u0131 uyar\u0131lmaya gerek kalmadan uzun s\u00fcreli enerji.<\/p>\n<\/li>\n<li>\n<p class=\"ds-markdown-paragraph\"><strong>M\u00fczik ve Dans Deneyimleri<\/strong>\u00a0\u2013 Duyusal uyaranlardan al\u0131nan hazz\u0131 art\u0131r\u0131r.<\/p>\n<\/li>\n<\/ul>\n<h3><strong>3. Ara\u015ft\u0131rma ama\u00e7lar\u0131<\/strong><\/h3>\n<ul>\n<li>\n<p class=\"ds-markdown-paragraph\">Florlu amfetaminlerin ve farmakodinami\u011finin incelenmesi.<\/p>\n<\/li>\n<\/ul>\n<hr \/>\n<h2><strong>Newphoria 2\/3-FEA Peletlerinin Faydalar\u0131<\/strong><\/h2>\n<p class=\"ds-markdown-paragraph\">\u2705\u00a0<strong>Dengeli Operasyon<\/strong>\u00a0\u2013 Uyar\u0131c\u0131 (2-FEA) ve empatik (3-FEA) etkilerin kombinasyonu.<br \/>\n\u2705\u00a0<strong>Daha Uzun Etki S\u00fcresi<\/strong>\u00a0(~6-8 saat) kontroll\u00fc sal\u0131mla.<br \/>\n\u2705\u00a0<strong>Daha Az Keskin \u00c7arp\u0131\u015fma<\/strong>\u00a0\u2013 Saf uyar\u0131c\u0131lara k\u0131yasla daha yumu\u015fak etki.<br \/>\n\u2705\u00a0<strong>Kolay Dozaj<\/strong>\u00a0\u2013 Hassas dozlanm\u0131\u015f pelletler a\u015f\u0131r\u0131 doz riskini azalt\u0131r.<\/p>\n<hr \/>\n<h2><strong>Dezavantajlar\u0131 ve Riskleri<\/strong><\/h2>\n<p class=\"ds-markdown-paragraph\">\u274c\u00a0<strong>Klinik Olarak Test Edilmemi\u015ftir<\/strong>\u00a0\u2013 Uzun vadeli g\u00fcvenlik \u00e7al\u0131\u015fmalar\u0131n\u0131n eksikli\u011fi.<br \/>\n\u274c\u00a0<strong>Olas\u0131 Yan Etkiler:<\/strong><\/p>\n<ul>\n<li>\n<p class=\"ds-markdown-paragraph\">Ta\u015fikardi (kalp at\u0131\u015f h\u0131z\u0131n\u0131n artmas\u0131)<\/p>\n<\/li>\n<li>\n<p class=\"ds-markdown-paragraph\">\u00c7ene s\u0131kma veya di\u015f g\u0131c\u0131rdatma<\/p>\n<\/li>\n<li>\n<p class=\"ds-markdown-paragraph\">Ge\u00e7 al\u0131nd\u0131\u011f\u0131nda uykusuzluk<br \/>\n\u274c\u00a0<strong>K\u00f6t\u00fcye Kullan\u0131m Potansiyeli<\/strong>\u00a0\u2013 S\u0131k kullan\u0131mda tolerans veya ba\u011f\u0131ml\u0131l\u0131\u011fa yol a\u00e7abilir.<\/p>\n<\/li>\n<\/ul>\n<hr \/>\n<h2><strong>\u00d6nerilen Dozaj ve Kullan\u0131m<\/strong><\/h2>\n<p class=\"ds-markdown-paragraph\">\u26a0\u00a0<strong>Uyar\u0131:<\/strong>\u00a0Bu \u00fcr\u00fcn insan t\u00fcketimi i\u00e7in de\u011fildir ve yaln\u0131zca ara\u015ft\u0131rma ama\u00e7l\u0131d\u0131r.<\/p>\n<div class=\"markdown-table-wrapper\">\n<table>\n<thead>\n<tr>\n<th>Ama\u00e7<\/th>\n<th>Dozaj<\/th>\n<th>Etki s\u00fcresi<\/th>\n<\/tr>\n<\/thead>\n<tbody>\n<tr>\n<td>Hafif uyar\u0131m<\/td>\n<td><strong>\u00bd pelet (17,5 mg 2-FEA \/ 50 mg 3-FEA)<\/strong><\/td>\n<td>4-6 saat<\/td>\n<\/tr>\n<tr>\n<td>Ortalama etki<\/td>\n<td><strong>1 pelet (35 mg 2-FEA \/ 100 mg 3-FEA)<\/strong><\/td>\n<td>6-8 saat<\/td>\n<\/tr>\n<tr>\n<td>G\u00fc\u00e7l\u00fc etki<\/td>\n<td><strong>1,5-2 pelet (52,5-70 mg 2-FEA \/ 150-200 mg 3-FEA)<\/strong><\/td>\n<td>8+ saat (yeni ba\u015flayanlar i\u00e7in \u00f6nerilmez)<\/td>\n<\/tr>\n<\/tbody>\n<\/table>\n<\/div>\n<p class=\"ds-markdown-paragraph\"><strong>Uygulama \u015fekli:<\/strong><\/p>\n<ul>\n<li>\n<p class=\"ds-markdown-paragraph\"><strong>Oral (\u00f6nerilir)<\/strong>\u00a0\u2013 Su ile yutunuz, etkisi yakla\u015f\u0131k 45-60 dakika sonra ba\u015flar.<\/p>\n<\/li>\n<li>\n<p class=\"ds-markdown-paragraph\"><strong>Burundan \u00e7ekmeyin veya enjekte etmeyin<\/strong>\u00a0\u2013 Peletler di\u011fer uygulama \u015fekillerine uygun de\u011fildir.<\/p>\n<\/li>\n<\/ul>\n<p class=\"ds-markdown-paragraph\"><strong>S\u0131kl\u0131k:<\/strong>\u00a0Tolerans ve yan etkileri en aza indirmek i\u00e7in ayda en fazla 1-2 kez.<\/p>\n<hr \/>\n<h2><strong>S\u0131k\u00e7a Sorulan Sorular (SSS)<\/strong><\/h2>\n<h3><strong>1. Newphoria 2\/3-FEA Hollanda&#039;da yasal m\u0131?<\/strong><\/h3>\n<ul>\n<li>\n<p class=\"ds-markdown-paragraph\">Bu maddeler a\u015fa\u011f\u0131dakilerin kapsam\u0131na girebilir:\u00a0<strong>Afyon Yasas\u0131<\/strong>, yoruma ba\u011fl\u0131 olarak. G\u00fcncel mevzuat\u0131 mutlaka kontrol edin.<\/p>\n<\/li>\n<\/ul>\n<h3><strong>2. Bu, normal amfetaminden nas\u0131l farkl\u0131d\u0131r?<\/strong><\/h3>\n<ul>\n<li>\n<p class=\"ds-markdown-paragraph\"><strong>Daha hafif ve daha empatik<\/strong>\u00a03-FEA bile\u015feni sayesinde daha az sert uyar\u0131m sa\u011flar.<\/p>\n<\/li>\n<\/ul>\n<h3><strong>3. Bunu ba\u015fka kuma\u015flarla kombinleyebilir miyim?<\/strong><\/h3>\n<ul>\n<li>\n<p class=\"ds-markdown-paragraph\"><strong>Tavsiye edilmez!<\/strong>\u00a0\u015eunlarla kombinasyondan ka\u00e7\u0131n\u0131n:<\/p>\n<ul>\n<li>\n<p class=\"ds-markdown-paragraph\">MAO inhibit\u00f6rleri (hayat\u0131 tehdit eden)<\/p>\n<\/li>\n<li>\n<p class=\"ds-markdown-paragraph\">Di\u011fer uyar\u0131c\u0131lar (kalp sorunlar\u0131 riskini art\u0131r\u0131r)<\/p>\n<\/li>\n<li>\n<p class=\"ds-markdown-paragraph\">Alkol (artan toksisite)<\/p>\n<\/li>\n<\/ul>\n<\/li>\n<\/ul>\n<h3><strong>4. Bu durum uyu\u015fturucu testlerinde tespit edilecek mi?<\/strong><\/h3>\n<ul>\n<li>\n<p class=\"ds-markdown-paragraph\">Muhtemelen amfetaminle yap\u0131sal olarak akraba oldu\u011fu i\u00e7in.<\/p>\n<\/li>\n<\/ul>\n<hr \/>\n<h2><strong>Laboratuvar Raporu ve Kalite Kontrol\u00fc<\/strong><\/h2>\n<p class=\"ds-markdown-paragraph\"><strong>Standart bir partinin analizi:<\/strong><\/p>\n<ul>\n<li>\n<p class=\"ds-markdown-paragraph\"><strong>Safl\u0131k:<\/strong>\u00a0\u226597% (HPLC)<\/p>\n<\/li>\n<li>\n<p class=\"ds-markdown-paragraph\"><strong>Kirleticiler:<\/strong>\u00a0&lt;1% (art\u0131k \u00e7\u00f6z\u00fcc\u00fcler)<\/p>\n<\/li>\n<li>\n<p class=\"ds-markdown-paragraph\"><strong>Tekd\u00fczelik:<\/strong>\u00a0Pelet a\u011f\u0131rl\u0131\u011f\u0131nda \u00b15% varyasyonu<\/p>\n<\/li>\n<\/ul>\n<p class=\"ds-markdown-paragraph\"><strong>Kararl\u0131l\u0131k testi:<\/strong><\/p>\n<ul>\n<li>\n<p class=\"ds-markdown-paragraph\">Raf \u00f6mr\u00fc:\u00a0<strong>24 ay<\/strong>\u00a0oda s\u0131cakl\u0131\u011f\u0131nda (kuru ve karanl\u0131kta saklay\u0131n).<\/p>\n<\/li>\n<\/ul>\n<hr \/>\n<h2><strong>Sonu\u00e7 ve G\u00fcvenlik Tavsiyeleri<\/strong><\/h2>\n<p class=\"ds-markdown-paragraph\">Newphoria 2\/3-FEA peletleri uyar\u0131c\u0131 ve empatik etkilerin benzersiz bir kombinasyonunu sunar, ancak bilinmeyen uzun vadeli riskler nedeniyle dikkatli olunmas\u0131 \u00f6nerilir.\u00a0<strong>Kalp rahats\u0131zl\u0131\u011f\u0131n\u0131z, ruhsal bozuklu\u011funuz varsa veya ba\u015fka ila\u00e7larla birlikte kullan\u0131yorsan\u0131z kullanmay\u0131n\u0131z.<\/strong><\/p>\n<p class=\"ds-markdown-paragraph\">\u26a0\u00a0<strong>SORUMLULUK REDD\u0130:<\/strong>\u00a0Bu \u00fcr\u00fcn yaln\u0131zca ara\u015ft\u0131rma ve kullan\u0131m ama\u00e7l\u0131d\u0131r\u00a0<strong>insan t\u00fcketimi i\u00e7in de\u011fil<\/strong>L\u00fctfen yasalara uyun ve her zaman sorumlu bir \u015fekilde kullan\u0131n. <a href=\"https:\/\/researchchemicalstore.eu\/tr\/magaza\/lizergamidler\/1vlsd\/\">1vlsd<\/a><a href=\"https:\/\/researchchemicalstore.eu\/tr\/magaza\/pelet-icin-peletler\/o-dsmt-50-mg-peletler\/\">o-dsmt<\/a><a href=\"https:\/\/researchchemicalstore.eu\/tr\/magaza\/lizergamidler\/1cp-lsd\/\">1cp lsd<\/a><a href=\"https:\/\/researchchemicalstore.eu\/tr\/magaza\/iboga-ibogaine\/ibogaine-hclyi-cevrimici-satin-al\/\">ibogaine hcl&#039;yi \u00e7evrimi\u00e7i sat\u0131n al<\/a><a href=\"https:\/\/researchchemicalstore.eu\/tr\/magaza\/iboga-ibogaine\/iboga-kok-kabugu\/\">iboga k\u00f6k kabu\u011fu<\/a><\/p>","protected":false},"excerpt":{"rendered":"<p>\u00dcr\u00fcn Tan\u0131m\u0131: Newphoria 2\/3-FEA 35mg\/100mg Peletler 2 fea Kompozisyon: 2-FEA (2-Floroetamfetamin): 35 mg 3-FEA (3-Floroetamfetamin): 100 mg Form: Mikro kaps\u00fcllenmi\u015f kontroll\u00fc sal\u0131ml\u0131 peletler G\u00f6r\u00fcn\u00fcm: Yuvarlak,<\/p>","protected":false},"featured_media":28826,"comment_status":"closed","ping_status":"closed","template":"","meta":[],"product_brand":[82],"product_cat":[437,439,438,440,322,333,324],"product_tag":[655,840,842,839,326],"class_list":{"0":"post-24365","1":"product","2":"type-product","3":"status-publish","4":"has-post-thumbnail","6":"product_brand-research-chemical","7":"product_cat-2-fea","8":"product_cat-2-fea-pellets","9":"product_cat-3-fea","10":"product_cat-3-fea-pellets","11":"product_cat-bijna-verboden","12":"product_cat-gefluoreerden","13":"product_cat-pellets-for-pellet","14":"product_tag-2-fea","15":"product_tag-2-fea-3-fea-research-chemical","16":"product_tag-newphoria-35mg-pellets","17":"product_tag-newphoria-pellets","18":"product_tag-nl","20":"first","21":"instock","22":"taxable","23":"shipping-taxable","24":"purchasable","25":"product-type-variable"},"_links":{"self":[{"href":"https:\/\/researchchemicalstore.eu\/tr\/wp-json\/wp\/v2\/product\/24365","targetHints":{"allow":["GET"]}}],"collection":[{"href":"https:\/\/researchchemicalstore.eu\/tr\/wp-json\/wp\/v2\/product"}],"about":[{"href":"https:\/\/researchchemicalstore.eu\/tr\/wp-json\/wp\/v2\/types\/product"}],"replies":[{"embeddable":true,"href":"https:\/\/researchchemicalstore.eu\/tr\/wp-json\/wp\/v2\/comments?post=24365"}],"version-history":[{"count":5,"href":"https:\/\/researchchemicalstore.eu\/tr\/wp-json\/wp\/v2\/product\/24365\/revisions"}],"predecessor-version":[{"id":26499,"href":"https:\/\/researchchemicalstore.eu\/tr\/wp-json\/wp\/v2\/product\/24365\/revisions\/26499"}],"wp:featuredmedia":[{"embeddable":true,"href":"https:\/\/researchchemicalstore.eu\/tr\/wp-json\/wp\/v2\/media\/28826"}],"wp:attachment":[{"href":"https:\/\/researchchemicalstore.eu\/tr\/wp-json\/wp\/v2\/media?parent=24365"}],"wp:term":[{"taxonomy":"product_brand","embeddable":true,"href":"https:\/\/researchchemicalstore.eu\/tr\/wp-json\/wp\/v2\/product_brand?post=24365"},{"taxonomy":"product_cat","embeddable":true,"href":"https:\/\/researchchemicalstore.eu\/tr\/wp-json\/wp\/v2\/product_cat?post=24365"},{"taxonomy":"product_tag","embeddable":true,"href":"https:\/\/researchchemicalstore.eu\/tr\/wp-json\/wp\/v2\/product_tag?post=24365"}],"curies":[{"name":"wp","href":"https:\/\/api.w.org\/{rel}","templated":true}]}}