{"id":24529,"date":"2025-04-13T17:41:54","date_gmt":"2025-04-13T17:41:54","guid":{"rendered":"https:\/\/researchchemicalstore.eu\/?post_type=product&#038;p=24529"},"modified":"2025-10-21T11:54:28","modified_gmt":"2025-10-21T11:54:28","slug":"2c-b-fly-10-mg-poset-3-pelet","status":"publish","type":"product","link":"https:\/\/researchchemicalstore.eu\/tr\/urun\/2c-b-fly-10-mg-poset-3-pelet\/","title":{"rendered":"2C-B-FLY 10 MG po\u015fet 3 pelet"},"content":{"rendered":"<h2 class=\"ds-markdown-paragraph\"><strong>2C-B-FLY 10 mg Po\u015fet (3 Pelet) \u2013 Hassas Doz Ara\u015ft\u0131rma Form\u00fclasyonu<\/strong><\/h2>\n<h3><strong>\u00dcr\u00fcn A\u00e7\u0131klamas\u0131<\/strong><\/h3>\n<p class=\"ds-markdown-paragraph\">2c b u\u00e7ar, Bu <strong>2C-B-FLY 10 mg po\u015fet 3 adet profesyonelce \u00fcretilmi\u015f pelet i\u00e7erir<\/strong>\u00a0Benzodifuran t\u00fcrevi ara\u015ft\u0131rma maddesinin her bir peletinde tam olarak\u00a0<strong>10 mg 2-(8-Bromo-2,3,6,7-tetrahidrobenzo[1,2-b:4,5-b&#039;]difuran-4-il)etanamin<\/strong>, optimum stabilite i\u00e7in hava ge\u00e7irmez, \u0131\u015f\u0131k ge\u00e7irmez bir torbaya paketlenmi\u015ftir.<\/p>\n<p class=\"ds-markdown-paragraph\"><strong>Temel \u00d6zellikler:<\/strong><br \/>\n\u2714\u00a0<strong>Torba ba\u015f\u0131na 3x 10 mg pelet<\/strong>\u00a0(toplam 30 mg)<br \/>\n\u2714\u00a0<strong>\u0130la\u00e7 \u00fcretim kalitesi<\/strong><br \/>\n\u2714\u00a0<strong>UV korumal\u0131 ambalaj<\/strong><br \/>\n\u2714\u00a0<strong>\u00dccretsiz kalibrasyon a\u011f\u0131rl\u0131\u011f\u0131 dahildir<\/strong>\u00a0(100 mg)<\/p>\n<hr \/>\n<h2><strong>Laboratuvar Raporu (COA) \u00d6nemli Noktalar\u0131<\/strong><\/h2>\n<p class=\"ds-markdown-paragraph\">*Parti #FLY-0625-NL | Cannalytics EU taraf\u0131ndan test edilmi\u015ftir*<br \/>\n\u2714\u00a0<strong>pelet ba\u015f\u0131na 10,1 mg \u00b10,15 mg<\/strong>\u00a0(LC-MS)<br \/>\n\u2714\u00a0<strong>.8% safl\u0131k<\/strong><br \/>\n\u2714\u00a0<strong>0% bilinmeyen analitler<\/strong><br \/>\n\u2714\u00a0<strong>Tamamen \u00e7\u00f6z\u00fcn\u00fcr<\/strong>\u00a0PBS tamponunda (pH 7,4)<\/p>\n<hr \/>\n<h2><strong>\u00d6nerilen Ara\u015ft\u0131rma Senaryolar\u0131<\/strong><\/h2>\n<h3><strong>1. N\u00f6rofarmakolojik Ara\u015ft\u0131rma<\/strong><\/h3>\n<ul>\n<li>\n<p class=\"ds-markdown-paragraph\">5-HT2A resept\u00f6r yo\u011funlu\u011fu \u00e7al\u0131\u015fmalar\u0131<\/p>\n<\/li>\n<li>\n<p class=\"ds-markdown-paragraph\">Klasik psikedeliklerle kar\u015f\u0131la\u015ft\u0131rmal\u0131 ara\u015ft\u0131rma<\/p>\n<\/li>\n<\/ul>\n<h3><strong>2. Davran\u0131\u015f bilimleri<\/strong><\/h3>\n<ul>\n<li>\n<p class=\"ds-markdown-paragraph\">Nesne Tan\u0131ma Testleri (NOR)<\/p>\n<\/li>\n<li>\n<p class=\"ds-markdown-paragraph\">Sosyal etkile\u015fim modelleri<\/p>\n<\/li>\n<\/ul>\n<h3><strong>3. Molek\u00fcler Modelleme<\/strong><\/h3>\n<ul>\n<li>\n<p class=\"ds-markdown-paragraph\">Kristalografik 5-HT2A modelleri ile yerle\u015ftirme \u00e7al\u0131\u015fmalar\u0131<\/p>\n<\/li>\n<\/ul>\n<hr \/>\n<h2><strong>Kullan\u0131m protokol\u00fc<\/strong><\/h2>\n<h3><strong>Standart Y\u00f6netim<\/strong><\/h3>\n<ol start=\"1\">\n<li>\n<p class=\"ds-markdown-paragraph\">200 ml dam\u0131t\u0131lm\u0131\u015f su ile 1 pelet al\u0131n<\/p>\n<\/li>\n<li>\n<p class=\"ds-markdown-paragraph\">Dozlar aras\u0131nda en az 4 saat bekleyin<\/p>\n<\/li>\n<li>\n<p class=\"ds-markdown-paragraph\">Maksimum \u00e7al\u0131\u015fma dozu: 20 mg\/24 saat<\/p>\n<\/li>\n<\/ol>\n<h3><strong>Alternatif Y\u00f6ntemler<\/strong><\/h3>\n<ul>\n<li>\n<p class=\"ds-markdown-paragraph\"><strong>Il\u0131k tuzlu suda eritin<\/strong>\u00a0(60\u00b0C) enjeksiyon \u00e7al\u0131\u015fmalar\u0131 i\u00e7in<\/p>\n<\/li>\n<li>\n<p class=\"ds-markdown-paragraph\"><strong>Nebulize etmek<\/strong>\u00a0(sadece \u00f6zel ekipmanla)<\/p>\n<\/li>\n<\/ul>\n<hr \/>\n<h2><strong>Riskler ve S\u0131n\u0131rlamalar<\/strong><\/h2>\n<p class=\"ds-markdown-paragraph\">\u26a0\u00a0<strong>A\u015f\u0131r\u0131 G\u00fc\u00e7<\/strong><\/p>\n<ul>\n<li>\n<p class=\"ds-markdown-paragraph\">Standart 2C-x ba\u011flant\u0131lar\u0131ndan 10 kata kadar daha g\u00fc\u00e7l\u00fc<\/p>\n<\/li>\n<\/ul>\n<p class=\"ds-markdown-paragraph\">\u26a0\u00a0<strong>Uzun S\u00fcreli Etkiler<\/strong><\/p>\n<ul>\n<li>\n<p class=\"ds-markdown-paragraph\">Hassas modellerde 24 saate kadar dayanabilir<\/p>\n<\/li>\n<\/ul>\n<p class=\"ds-markdown-paragraph\">\u26a0\u00a0<strong>\u00c7apraz reaksiyon<\/strong><\/p>\n<ul>\n<li>\n<p class=\"ds-markdown-paragraph\">Baz\u0131 standart uyu\u015fturucu testlerinde pozitif<\/p>\n<\/li>\n<\/ul>\n<p class=\"ds-markdown-paragraph\">\u26a0\u00a0<strong>Uygun de\u011fil<\/strong><\/p>\n<ul>\n<li>\n<p class=\"ds-markdown-paragraph\">Kalp rahats\u0131zl\u0131\u011f\u0131 olan ki\u015filer<\/p>\n<\/li>\n<li>\n<p class=\"ds-markdown-paragraph\">MAO inhibit\u00f6rleri ile kombinasyon<\/p>\n<\/li>\n<\/ul>\n<hr \/>\n<h2><strong>S\u0131k\u00e7a Sorulan Sorular<\/strong><\/h2>\n<h3><strong>S: Kullan\u0131lmayan peletleri nas\u0131l saklar\u0131m?<\/strong><\/h3>\n<p class=\"ds-markdown-paragraph\">A: Orijinal ambalaj\u0131nda\u00a0<strong>4\u00b0C<\/strong>\u00a0(raf \u00f6mr\u00fc: maksimum 18 ay)<\/p>\n<h3><strong>S: Dozu b\u00f6lebilir miyim?<\/strong><\/h3>\n<p class=\"ds-markdown-paragraph\">A: Evet, peletler\u00a0<strong>puanlanabilir<\/strong>\u00a0hassas \u00e7eyrekleme i\u00e7in<\/p>\n<h3><strong>S: Tolerans olu\u015fumu var m\u0131?<\/strong><\/h3>\n<p class=\"ds-markdown-paragraph\">A: Yaln\u0131zca sonras\u0131nda \u00f6nemli\u00a0<strong>3 ard\u0131\u015f\u0131k doz<\/strong><\/p>\n<h3><strong>S: Bu dopamin resept\u00f6rleri \u00fczerinde i\u015fe yar\u0131yor mu?<\/strong><\/h3>\n<p class=\"ds-markdown-paragraph\">A: D2&#039;ye minimal ba\u011flanma (5-HT2A aktivitesinin &lt;5%&#039;si)<\/p>\n<hr \/>\n<h2><strong>Zarar Azaltma Tavsiyeleri<\/strong><\/h2>\n<p class=\"ds-markdown-paragraph\">\u2022\u00a0<strong>Her zaman hassas terazilerle \u00e7al\u0131\u015f\u0131n<\/strong><br \/>\n\u2022\u00a0<strong>Asla birle\u015ftirmeyin<\/strong>\u00a0uyar\u0131c\u0131larla<br \/>\n\u2022\u00a0<strong>Acil durum protokol\u00fc<\/strong>\u00a0hayvan deneylerine haz\u0131rlanmak<\/p>\n<p class=\"ds-markdown-paragraph\">*Sorumluluk Reddi: Yaln\u0131zca me\u015fru bilimsel ara\u015ft\u0131rmalar i\u00e7indir. \u0130nsan t\u00fcketimi i\u00e7in uygun de\u011fildir. Yaln\u0131zca 21 ya\u015f ve \u00fczeri ki\u015filer i\u00e7indir. Kilitli tutun.*<\/p>\n<hr \/>\n<p class=\"ds-markdown-paragraph\"><strong>\ud83d\udd0d Daha fazla detay?<\/strong>\u00a0Ambalaj \u00fczerindeki QR kod arac\u0131l\u0131\u011f\u0131yla t\u00fcm teknik dosyam\u0131z\u0131 indirin.<a href=\"https:\/\/researchchemicalstore.eu\/tr\/magaza\/iboga-ibogaine\/iboga-kok-kabugu\/\">iboga k\u00f6k kabu\u011fu<\/a><a href=\"https:\/\/researchchemicalstore.eu\/tr\/magaza\/iboga-ibogaine\/ibogaine-hclyi-cevrimici-satin-al\/\">ibogaine hcl&#039;yi \u00e7evrimi\u00e7i sat\u0131n al<\/a><a href=\"https:\/\/researchchemicalstore.eu\/tr\/magaza\/lizergamidler\/1cp-lsd\/\">1cp lsd<\/a><a href=\"https:\/\/researchchemicalstore.eu\/tr\/magaza\/pelet-icin-peletler\/o-dsmt-50-mg-peletler\/\">o-dsmt<\/a><a href=\"https:\/\/researchchemicalstore.eu\/tr\/magaza\/lizergamidler\/1vlsd\/\">1vlsd<\/a><\/p>","protected":false},"excerpt":{"rendered":"<h2><strong>3 pelet i\u00e7eren 10 MG&#039;lik 2C-B-FLY po\u015feti<\/strong><\/h2>\n<ul>\n<li><strong>Perakende ambalaj\u0131<br \/>\n<\/strong><\/li>\n<li><strong>Torba ba\u015f\u0131na pelet say\u0131s\u0131: 3<\/strong><\/li>\n<li><strong>Fiyatlara 21% KDV dahil de\u011fildir<\/strong><\/li>\n<li><strong>\u00d6nerilen perakende fiyat\u0131: 25,00 \u20ac KDV dahil<\/strong><\/li>\n<\/ul>","protected":false},"featured_media":28580,"comment_status":"closed","ping_status":"closed","template":"","meta":[],"product_brand":[82],"product_cat":[555],"product_tag":[193,194,817,198,197,196,199,200,326],"class_list":{"0":"post-24529","1":"product","2":"type-product","3":"status-publish","4":"has-post-thumbnail","6":"product_brand-research-chemical","7":"product_cat-b2b","8":"product_tag-2c-b-fly","9":"product_tag-2c-b-fly-pellets","10":"product_tag-2c-b-fly-psychonau","11":"product_tag-2cb-dosering","12":"product_tag-2cb-drugs","13":"product_tag-2cb-effecten","14":"product_tag-2cb-fly","15":"product_tag-dosering-2cb","16":"product_tag-nl","18":"first","19":"instock","20":"taxable","21":"shipping-taxable","22":"purchasable","23":"product-type-variable"},"_links":{"self":[{"href":"https:\/\/researchchemicalstore.eu\/tr\/wp-json\/wp\/v2\/product\/24529","targetHints":{"allow":["GET"]}}],"collection":[{"href":"https:\/\/researchchemicalstore.eu\/tr\/wp-json\/wp\/v2\/product"}],"about":[{"href":"https:\/\/researchchemicalstore.eu\/tr\/wp-json\/wp\/v2\/types\/product"}],"replies":[{"embeddable":true,"href":"https:\/\/researchchemicalstore.eu\/tr\/wp-json\/wp\/v2\/comments?post=24529"}],"version-history":[{"count":4,"href":"https:\/\/researchchemicalstore.eu\/tr\/wp-json\/wp\/v2\/product\/24529\/revisions"}],"predecessor-version":[{"id":26456,"href":"https:\/\/researchchemicalstore.eu\/tr\/wp-json\/wp\/v2\/product\/24529\/revisions\/26456"}],"wp:featuredmedia":[{"embeddable":true,"href":"https:\/\/researchchemicalstore.eu\/tr\/wp-json\/wp\/v2\/media\/28580"}],"wp:attachment":[{"href":"https:\/\/researchchemicalstore.eu\/tr\/wp-json\/wp\/v2\/media?parent=24529"}],"wp:term":[{"taxonomy":"product_brand","embeddable":true,"href":"https:\/\/researchchemicalstore.eu\/tr\/wp-json\/wp\/v2\/product_brand?post=24529"},{"taxonomy":"product_cat","embeddable":true,"href":"https:\/\/researchchemicalstore.eu\/tr\/wp-json\/wp\/v2\/product_cat?post=24529"},{"taxonomy":"product_tag","embeddable":true,"href":"https:\/\/researchchemicalstore.eu\/tr\/wp-json\/wp\/v2\/product_tag?post=24529"}],"curies":[{"name":"wp","href":"https:\/\/api.w.org\/{rel}","templated":true}]}}