{"id":24756,"date":"2025-04-13T17:42:59","date_gmt":"2025-04-13T17:42:59","guid":{"rendered":"https:\/\/researchchemicalstore.eu\/?post_type=product&#038;p=24756"},"modified":"2025-10-21T10:44:13","modified_gmt":"2025-10-21T10:44:13","slug":"bromazolam-peletleri","status":"publish","type":"product","link":"https:\/\/researchchemicalstore.eu\/tr\/urun\/bromazolam-peletleri\/","title":{"rendered":"Bromazolam 3 MG Peletler"},"content":{"rendered":"<h3><strong>Bromazolam 3 MG Peletleri \u2013 Analitik Ama\u00e7l\u0131 Ara\u015ft\u0131rma Kimyasal\u0131<\/strong><\/h3>\n<h4><strong>Bromazolam Nedir?<\/strong><\/h4>\n<p class=\"ds-markdown-paragraph\">bromazolam peletleri, Bromazolam bir <strong>ara\u015ft\u0131rma kimyasal\u0131<\/strong>\u00a0Benzodiazepin s\u0131n\u0131f\u0131ndan, alprazolam (Xanax) ve diazepam (Valium) ile yap\u0131sal olarak ili\u015fkili bir ila\u00e7t\u0131r. Sadece\u00a0<strong>bilimsel ara\u015ft\u0131rma<\/strong>\u00a0GABAerjik sistemler ve farmakolojik etkiler.<\/p>\n<p class=\"ds-markdown-paragraph\">Bizim\u00a0<strong>Bromazolam 3 MG peletleri<\/strong>\u00a0bir teklif\u00a0<strong>hassas dozajlama<\/strong>, kontroll\u00fc laboratuvar \u00e7al\u0131\u015fmalar\u0131 i\u00e7in uygundur.<\/p>\n<hr \/>\n<h3><strong>\u00dcr\u00fcn \u00f6zellikleri:<\/strong><\/h3>\n<p class=\"ds-markdown-paragraph\">\u2705\u00a0<strong>Y\u00fcksek safl\u0131kta<\/strong>\u00a0\u2013 G\u00fcvenilir ara\u015ft\u0131rma sonu\u00e7lar\u0131 i\u00e7in optimize edilmi\u015ftir<br \/>\n\u2705\u00a0<strong>Hassas dozajlama<\/strong>\u00a0\u2013 Her pelet tam olarak \u015funlar\u0131 i\u00e7erir:\u00a0<strong>3 mg Bromazolam<\/strong><br \/>\n\u2705\u00a0<strong>GABA ara\u015ft\u0131rmalar\u0131 i\u00e7in uygundur<\/strong>\u00a0\u2013 Sedasyon ve anksiyoliz \u00e7al\u0131\u015fmalar\u0131nda potansiyel uygulama<br \/>\n\u2705\u00a0<strong>Kararl\u0131 kompozisyon<\/strong>\u00a0\u2013 Do\u011fru \u015fekilde sakland\u0131\u011f\u0131nda uzun raf \u00f6mr\u00fc<\/p>\n<hr \/>\n<h3><strong>Potansiyel Ara\u015ft\u0131rma Uygulamalar\u0131:<\/strong><\/h3>\n<ul>\n<li>\n<p class=\"ds-markdown-paragraph\"><strong>N\u00f6rofarmakoloji<\/strong>\u00a0\u2013 GABA-A resept\u00f6r mod\u00fclasyonunun incelenmesi<\/p>\n<\/li>\n<li>\n<p class=\"ds-markdown-paragraph\"><strong>Kar\u015f\u0131la\u015ft\u0131rmal\u0131 analizler<\/strong>\u00a0\u2013 Klasik benzodiazepinlerle kar\u015f\u0131la\u015ft\u0131r\u0131ld\u0131\u011f\u0131nda de\u011ferlendirme<\/p>\n<\/li>\n<li>\n<p class=\"ds-markdown-paragraph\"><strong>Doz-tepki ara\u015ft\u0131rmas\u0131<\/strong>\u00a0\u2013 Motor koordinasyon ve sedasyon seviyeleri \u00fczerindeki etkiler<\/p>\n<\/li>\n<\/ul>\n<hr \/>\n<h3><strong>G\u00fcvenlik Bilgileri ve Kullan\u0131m Talimatlar\u0131:<\/strong><\/h3>\n<p class=\"ds-markdown-paragraph\">\u26a0\u00a0<strong>Sadece ara\u015ft\u0131rma ama\u00e7l\u0131d\u0131r<\/strong>\u00a0\u2013 Kesinlikle insan t\u00fcketimi i\u00e7in de\u011fildir<br \/>\n\u26a0\u00a0<strong>Kritik g\u00fcvenlik \u00f6nlemleri:<\/strong><\/p>\n<ul>\n<li>\n<p class=\"ds-markdown-paragraph\"><strong>3 mg y\u00fcksek bir ara\u015ft\u0131rma dozudur<\/strong>\u00a0\u2013 Daha d\u00fc\u015f\u00fck konsantrasyonlarla ba\u015flay\u0131n (0,5-1 mg)<\/p>\n<\/li>\n<li>\n<p class=\"ds-markdown-paragraph\"><strong>Kombinasyonlardan ka\u00e7\u0131n\u0131n<\/strong>\u00a0alkol, opioidler veya di\u011fer MSS depresanlar\u0131 ile<\/p>\n<\/li>\n<li>\n<p class=\"ds-markdown-paragraph\"><strong>Uzun vadeli \u00e7al\u0131\u015fma yok<\/strong>\u00a0\u2013 Tolerans geli\u015ftirme riski<\/p>\n<\/li>\n<li>\n<p class=\"ds-markdown-paragraph\"><strong>Her zaman test edin<\/strong>\u00a0\u2013 Do\u011frulama i\u00e7in uygun reaktif kitlerini kullan\u0131n<\/p>\n<\/li>\n<\/ul>\n<hr \/>\n<h3><strong>Hukuki Durum:<\/strong><\/h3>\n<ul>\n<li>\n<p class=\"ds-markdown-paragraph\">Hollanda&#039;da bromazolam,\u00a0<strong>Afyon Yasas\u0131<\/strong>\u00a0(Liste II)<\/p>\n<\/li>\n<li>\n<p class=\"ds-markdown-paragraph\"><strong>E\u011flence ama\u00e7l\u0131 kullan\u0131m\u0131 kesinlikle yasakt\u0131r<\/strong>\u00a0\u2013 Yaln\u0131zca yetkili ara\u015ft\u0131rma kurumlar\u0131 i\u00e7in<\/p>\n<\/li>\n<li>\n<p class=\"ds-markdown-paragraph\">NPS (Yeni Psikoaktif Madde) olarak AB \u00e7ap\u0131nda k\u0131s\u0131tlamalar<\/p>\n<\/li>\n<\/ul>\n<hr \/>\n<h3><strong>Neden Bromazolam Peletlerimiz?<\/strong><\/h3>\n<p class=\"ds-markdown-paragraph\">\ud83d\udd2c\u00a0<strong>Geli\u015fmi\u015f kalite kontrol\u00fc<\/strong>\u00a0\u2013 HPLC\/MS analiz edildi<br \/>\n\ud83d\udce6\u00a0<strong>G\u00fcvenli bir \u015fekilde paketlenmi\u015f<\/strong>\u00a0\u2013 Hafif ve hava ge\u00e7irmez ambalaj<br \/>\n\ud83d\udcda\u00a0<strong>Bilimsel dok\u00fcmantasyon<\/strong>\u00a0\u2013 Talep \u00fczerine MSDS mevcuttur<\/p>\n<hr \/>\n<h3><strong>\u00d6nemli Uyar\u0131lar:<\/strong><\/h3>\n<ul>\n<li>\n<p class=\"ds-markdown-paragraph\"><strong>A\u015f\u0131r\u0131 ba\u011f\u0131ml\u0131l\u0131k potansiyeli<\/strong>\u00a0\u2013 Sadece k\u0131sa vadeli ara\u015ft\u0131rmalar i\u00e7in<\/p>\n<\/li>\n<li>\n<p class=\"ds-markdown-paragraph\"><strong>\u0130nsan\/maruz kalma \u00e7al\u0131\u015fmalar\u0131 yok<\/strong>\u00a0\u2013 Tamamen in vitro uygulamalar i\u00e7in<\/p>\n<\/li>\n<li>\n<p class=\"ds-markdown-paragraph\"><strong>Kesinlikle eri\u015filemez tutun<\/strong>\u00a0- Yetkisiz ki\u015filerin eri\u015femeyece\u011fi yerde saklay\u0131n<\/p>\n<\/li>\n<\/ul>\n<hr \/>\n<h3><strong>Saklama ko\u015fullar\u0131:<\/strong><\/h3>\n<ul>\n<li>\n<p class=\"ds-markdown-paragraph\">S\u0131cakl\u0131k:\u00a0<strong>2-8\u00b0C<\/strong>\u00a0(so\u011futulmu\u015f saklama \u00f6nerilir)<\/p>\n<\/li>\n<li>\n<p class=\"ds-markdown-paragraph\">Kuru ortam \u2013 Uzun s\u00fcreli depolama i\u00e7in kurutucu kullan\u0131n<\/p>\n<\/li>\n<li>\n<p class=\"ds-markdown-paragraph\">I\u015f\u0131ktan korunan kehribar ambalaj\u0131nda<\/p>\n<\/li>\n<\/ul>","protected":false},"excerpt":{"rendered":"<h3><span data-sheets-value=\"{\" data-sheets-userformat=\"{\">Bromazolam \u00f6zellikleri<\/span><\/h3>\n<p><span class=\"___SText_pr68d-red-team\" data-ui-name=\"Link.Text\">bromazolam peletleri,\u00a0<\/span><\/p>\n<p><strong>E\u015f anlaml\u0131s\u0131:<\/strong> Bromazolam<br \/>\n<strong>CAS Numaras\u0131:<\/strong> 71368-80-4<br \/>\n<strong>Mol k\u00fctlesi:<\/strong> 353.223 g mol<br \/>\n<strong>Safl\u0131k:<\/strong> &gt;99%<\/p>\n<p>&nbsp;<\/p>","protected":false},"featured_media":28743,"comment_status":"closed","ping_status":"closed","template":"","meta":[],"product_brand":[],"product_cat":[76,384,443,324],"product_tag":[626,627,326],"class_list":{"0":"post-24756","1":"product","2":"type-product","3":"status-publish","4":"has-post-thumbnail","6":"product_cat-benzodiazepinen","7":"product_cat-bromazolam","8":"product_cat-bromazolam-pellets","9":"product_cat-pellets-for-pellet","10":"product_tag-bromazolam-pellets","11":"product_tag-bromazolam-pellets-3mg","12":"product_tag-nl","14":"first","15":"instock","16":"taxable","17":"shipping-taxable","18":"purchasable","19":"product-type-variable"},"_links":{"self":[{"href":"https:\/\/researchchemicalstore.eu\/tr\/wp-json\/wp\/v2\/product\/24756","targetHints":{"allow":["GET"]}}],"collection":[{"href":"https:\/\/researchchemicalstore.eu\/tr\/wp-json\/wp\/v2\/product"}],"about":[{"href":"https:\/\/researchchemicalstore.eu\/tr\/wp-json\/wp\/v2\/types\/product"}],"replies":[{"embeddable":true,"href":"https:\/\/researchchemicalstore.eu\/tr\/wp-json\/wp\/v2\/comments?post=24756"}],"version-history":[{"count":5,"href":"https:\/\/researchchemicalstore.eu\/tr\/wp-json\/wp\/v2\/product\/24756\/revisions"}],"predecessor-version":[{"id":26421,"href":"https:\/\/researchchemicalstore.eu\/tr\/wp-json\/wp\/v2\/product\/24756\/revisions\/26421"}],"wp:featuredmedia":[{"embeddable":true,"href":"https:\/\/researchchemicalstore.eu\/tr\/wp-json\/wp\/v2\/media\/28743"}],"wp:attachment":[{"href":"https:\/\/researchchemicalstore.eu\/tr\/wp-json\/wp\/v2\/media?parent=24756"}],"wp:term":[{"taxonomy":"product_brand","embeddable":true,"href":"https:\/\/researchchemicalstore.eu\/tr\/wp-json\/wp\/v2\/product_brand?post=24756"},{"taxonomy":"product_cat","embeddable":true,"href":"https:\/\/researchchemicalstore.eu\/tr\/wp-json\/wp\/v2\/product_cat?post=24756"},{"taxonomy":"product_tag","embeddable":true,"href":"https:\/\/researchchemicalstore.eu\/tr\/wp-json\/wp\/v2\/product_tag?post=24756"}],"curies":[{"name":"wp","href":"https:\/\/api.w.org\/{rel}","templated":true}]}}