{"id":24854,"date":"2025-04-13T17:43:28","date_gmt":"2025-04-13T17:43:28","guid":{"rendered":"https:\/\/researchchemicalstore.eu\/?post_type=product&#038;p=24854"},"modified":"2025-10-21T09:54:49","modified_gmt":"2025-10-21T09:54:49","slug":"deskloroketamin","status":"publish","type":"product","link":"https:\/\/researchchemicalstore.eu\/tr\/urun\/deskloroketamin\/","title":{"rendered":"DCK 20 mg Peletler"},"content":{"rendered":"<h2><span data-sheets-value=\"{\" data-sheets-userformat=\"{\">DCK 20 mg Peletler<\/span><\/h2>\n<p>DCK pellets zijn voorzien van 20 MG werkzame stof (DCK).<\/p>\n<p>DCK is een stof die alleen verkocht wordt voor research doeleinden en is dus niet voor consumptie bestemd.<a title=\"2-CMC 250 mg peletler\" href=\"https:\/\/researchchemicalstore.eu\/tr\/magaza\/katinonlar\/2-cmc-satin-al\/\" target=\"_blank\" rel=\"noopener\">2-CMC 250 mg peletler<\/a><\/p>\n<p>DCK behoudt zijn stabiliteit tot 2 jaar wanneer deze in de juiste omgeving wordt bewaard. DCK <a href=\"http:\/\/google.nl\" target=\"_blank\" rel=\"noopener\">d\u0131r<\/a> bedoeld voor onderzoeksdoeleinden en niet voor consumptie. Daarom is het belangrijk dat het product buiten het bereik van kinderen en huisdieren wordt bewaard.<a title=\"2C-EF 2 mg Kaps\u00fcller\" href=\"https:\/\/researchchemicalstore.eu\/tr\/magaza\/fenetilamin\/2c-ef-2-mg-kapsul\/\" target=\"_blank\" rel=\"noopener\">2C-EF 2 mg Kaps\u00fcller<\/a><\/p>\n<p>Uygun fiyatlarla y\u00fcksek kaliteli ara\u015ft\u0131rma kimyasallar\u0131 sunuyoruz. Sipari\u015finiz her g\u00fcn 24 saat i\u00e7inde kargoya teslim edilir. Hemen sipari\u015f verin! <em>DCK<\/em> veilig en snel vi<\/p>\n<h3>DCK \u00f6zellikleri<\/h3>\n<p><strong>E\u015f anlaml\u0131s\u0131:<\/strong>\u00a02\u2032-okso-PCM, deskloroketamin<br \/>\n<strong>CAS Numaras\u0131:<\/strong>\u00a04631-27-0<br \/>\n<strong>Form\u00fcl:<\/strong>\u00a02-(metilamino)-2-fenil-sikloheksanon<br \/>\n<strong>Mol k\u00fctlesi:<\/strong>\u00a0239,7 g\/mol<br \/>\n<strong>Safl\u0131k:<\/strong>\u00a0&gt;97%<\/p>\n<h3>Tehlike beyan\u0131<\/h3>\n<p>DCK kan luchtweg irritaties veroorzaken<br \/>\nDCK kan irritaties in de ogen veroorzaken.<br \/>\nAra\u015ft\u0131rma kimyasallar\u0131n\u0131n \u00e7evreye at\u0131lmas\u0131 yasakt\u0131r.<\/p>\n<p>DCK IN CONTACT MET DE OGEN: spoel de ogen voorzichtig af met water gedurende vijf minuten. Verwijder de contactlenzen indien mogelijk.<\/p>\n<p>DCK IN CONTACT MET DE HUID: was de huid met water en zeep.<a title=\"6-CL-ADBA\" href=\"https:\/\/researchchemicalstore.eu\/tr\/magaza\/neredeyse-yasaklandi\/6-cl-adba\/\" target=\"_blank\" rel=\"noopener\">6-CL-ADBA<\/a><\/p>\n<p>NA INADEMING VAN DCK: breng het slachtoffer in de frisse buitenlucht en laat het slachtoffer in een houding staan die het ademen makkelijk maakt.<a title=\"MEAI\" href=\"https:\/\/researchchemicalstore.eu\/tr\/magaza\/diger\/meai\/\" target=\"_blank\" rel=\"noopener\">MEAI<\/a><\/p>","protected":false},"excerpt":{"rendered":"<h3>DCK \u00f6zellikleri<\/h3>\n<p><strong>E\u015f anlaml\u0131s\u0131:<\/strong>\u00a02\u2032-okso-PCM, deskloroketamin<br \/>\n<strong>CAS Numaras\u0131:<\/strong>\u00a04631-27-0<br \/>\n<strong>Form\u00fcl:<\/strong>\u00a02-(metilamino)-2-fenil-sikloheksanon<br \/>\n<strong>Mol k\u00fctlesi:<\/strong>\u00a0239,7 g\/mol<br \/>\n<strong>Safl\u0131k:<\/strong>\u00a0&gt;97%<\/p>","protected":false},"featured_media":28761,"comment_status":"closed","ping_status":"closed","template":"","meta":[],"product_brand":[82],"product_cat":[71,427,428,324],"product_tag":[272,302,303,326],"class_list":{"0":"post-24854","1":"product","2":"type-product","3":"status-publish","4":"has-post-thumbnail","6":"product_brand-research-chemical","7":"product_cat-arylcyclohexylamine","8":"product_cat-dck","9":"product_cat-dck-pellets","10":"product_cat-pellets-for-pellet","11":"product_tag-2f-dck-kopen","12":"product_tag-dck","13":"product_tag-deschloroketamine","14":"product_tag-nl","16":"first","17":"instock","18":"taxable","19":"shipping-taxable","20":"purchasable","21":"product-type-variable"},"_links":{"self":[{"href":"https:\/\/researchchemicalstore.eu\/tr\/wp-json\/wp\/v2\/product\/24854","targetHints":{"allow":["GET"]}}],"collection":[{"href":"https:\/\/researchchemicalstore.eu\/tr\/wp-json\/wp\/v2\/product"}],"about":[{"href":"https:\/\/researchchemicalstore.eu\/tr\/wp-json\/wp\/v2\/types\/product"}],"replies":[{"embeddable":true,"href":"https:\/\/researchchemicalstore.eu\/tr\/wp-json\/wp\/v2\/comments?post=24854"}],"version-history":[{"count":3,"href":"https:\/\/researchchemicalstore.eu\/tr\/wp-json\/wp\/v2\/product\/24854\/revisions"}],"predecessor-version":[{"id":25521,"href":"https:\/\/researchchemicalstore.eu\/tr\/wp-json\/wp\/v2\/product\/24854\/revisions\/25521"}],"wp:featuredmedia":[{"embeddable":true,"href":"https:\/\/researchchemicalstore.eu\/tr\/wp-json\/wp\/v2\/media\/28761"}],"wp:attachment":[{"href":"https:\/\/researchchemicalstore.eu\/tr\/wp-json\/wp\/v2\/media?parent=24854"}],"wp:term":[{"taxonomy":"product_brand","embeddable":true,"href":"https:\/\/researchchemicalstore.eu\/tr\/wp-json\/wp\/v2\/product_brand?post=24854"},{"taxonomy":"product_cat","embeddable":true,"href":"https:\/\/researchchemicalstore.eu\/tr\/wp-json\/wp\/v2\/product_cat?post=24854"},{"taxonomy":"product_tag","embeddable":true,"href":"https:\/\/researchchemicalstore.eu\/tr\/wp-json\/wp\/v2\/product_tag?post=24854"}],"curies":[{"name":"wp","href":"https:\/\/api.w.org\/{rel}","templated":true}]}}