{"id":24864,"date":"2025-04-13T17:43:28","date_gmt":"2025-04-13T17:43:28","guid":{"rendered":"https:\/\/researchchemicalstore.eu\/?post_type=product&#038;p=24864"},"modified":"2025-10-21T10:10:39","modified_gmt":"2025-10-21T10:10:39","slug":"o-dsmt-peletleri","status":"publish","type":"product","link":"https:\/\/researchchemicalstore.eu\/tr\/urun\/o-dsmt-peletleri\/","title":{"rendered":"O-DSMT 30 mg Pelet"},"content":{"rendered":"<h2 class=\"ds-markdown-paragraph\"><strong>O-DSMT 30 mg Peletler \u2013 Ara\u015ft\u0131rma \u0130\u00e7in \u0130la\u00e7 S\u0131n\u0131f\u0131 Peletler<\/strong><\/h2>\n<h3><strong>\u00dcr\u00fcn A\u00e7\u0131klamas\u0131<\/strong><\/h3>\n<p class=\"ds-markdown-paragraph\">o-dsmt peletleri, Bizim <strong>O-DSMT 30 mg Pelet<\/strong>\u00a0bir teklif\u00a0<strong>hassas bir \u015fekilde dozlanm\u0131\u015f<\/strong>\u00a0ve bu ara\u015ft\u0131rma kimyasal\u0131 opioid t\u00fcrevinin tutarl\u0131 bir formu. Her pelet \u015funlar\u0131 i\u00e7erir:\u00a0<strong>tam olarak 30 mg O-Desmetiltramadol (O-DSMT)<\/strong>, tramadol\u00fcn benzersiz farmakolojik \u00f6zelliklere sahip aktif bir metabolitidir.<\/p>\n<p class=\"ds-markdown-paragraph\">Peletler \u015funlard\u0131r:<br \/>\n\u2714\u00a0<strong>GMP y\u00f6nergelerine uygun olarak \u00fcretilmi\u015ftir<\/strong><br \/>\n\u2714\u00a0<strong>Optimum biyoyararlan\u0131m i\u00e7in kaplanm\u0131\u015ft\u0131r<\/strong><br \/>\n\u2714\u00a0<strong>Safl\u0131k ve dozaj do\u011frulu\u011fu a\u00e7\u0131s\u0131ndan test edilmi\u015ftir<\/strong><\/p>\n<hr \/>\n<h3><strong>Laboratuvar Raporu (COA) \u00d6zeti<\/strong><\/h3>\n<p class=\"ds-markdown-paragraph\">*Parti #ODSMT-NL0724 | PharmaTest EU taraf\u0131ndan test edilmi\u015ftir*<br \/>\n\u2714\u00a0<strong>pelet ba\u015f\u0131na 30,2 mg \u00b10,5 mg<\/strong>\u00a0(HPLC y\u00f6ntemi)<br \/>\n\u2714\u00a0<strong>99.4% kimyasal safl\u0131k<\/strong><br \/>\n\u2714\u00a0<strong>Tespit edilebilir a\u011f\u0131r metal yok<\/strong><br \/>\n\u2714\u00a0<strong>Mikrobiyolojik olarak g\u00fcvenli<\/strong>\u00a0(Ph.Eur. standartlar\u0131na uygundur)<\/p>\n<hr \/>\n<h2><strong>\u00d6nerilen Ara\u015ft\u0131rma Ama\u00e7lar\u0131<\/strong><\/h2>\n<h3><strong>1. A\u011fr\u0131 modelleri<\/strong><\/h3>\n<ul>\n<li>\n<p class=\"ds-markdown-paragraph\">\u03bc-opioid resept\u00f6r agonizmas\u0131n\u0131n incelenmesi<\/p>\n<\/li>\n<li>\n<p class=\"ds-markdown-paragraph\">Klasik opioidlerle kar\u015f\u0131la\u015ft\u0131rmal\u0131 \u00e7al\u0131\u015fma<\/p>\n<\/li>\n<\/ul>\n<h3><strong>2. Farmakokinetik \u00c7al\u0131\u015fmalar<\/strong><\/h3>\n<ul>\n<li>\n<p class=\"ds-markdown-paragraph\">Biyoyararlan\u0131m \u00e7al\u0131\u015fmalar\u0131 (oral ve di\u011fer uygulama yollar\u0131)<\/p>\n<\/li>\n<li>\n<p class=\"ds-markdown-paragraph\">Metabolizma ara\u015ft\u0131rmas\u0131<\/p>\n<\/li>\n<\/ul>\n<h3><strong>3. N\u00f6rofarmakoloji<\/strong><\/h3>\n<ul>\n<li>\n<p class=\"ds-markdown-paragraph\">SNRI etkileri ara\u015ft\u0131rmas\u0131<\/p>\n<\/li>\n<li>\n<p class=\"ds-markdown-paragraph\">Di\u011fer MSS aktif maddeleriyle etkile\u015fim \u00e7al\u0131\u015fmalar\u0131<\/p>\n<\/li>\n<\/ul>\n<hr \/>\n<h2><strong>Ara\u015ft\u0131rmac\u0131lar i\u00e7in Kullan\u0131m Protokol\u00fc<\/strong><\/h2>\n<h3><strong>Y\u00f6netim tavsiyesi<\/strong><\/h3>\n<ol start=\"1\">\n<li>\n<p class=\"ds-markdown-paragraph\"><strong>A\u011f\u0131zdan kullan\u0131m<\/strong>\u00a0(tamamen suyla yutun)<\/p>\n<\/li>\n<li>\n<p class=\"ds-markdown-paragraph\"><strong>Doz ayarlamas\u0131<\/strong>\u00a0ara\u015ft\u0131rma modeline ba\u011fl\u0131 olarak<\/p>\n<\/li>\n<li>\n<p class=\"ds-markdown-paragraph\"><strong>Zaman kayd\u0131<\/strong>\u00a0etki ba\u015flang\u0131c\u0131ndan itibaren (genellikle 45-60 dakika)<\/p>\n<\/li>\n<\/ol>\n<h3><strong>Dozaj K\u0131lavuzlar\u0131<\/strong><\/h3>\n<ul>\n<li>\n<p class=\"ds-markdown-paragraph\"><strong>Ba\u015flang\u0131\u00e7 dozu:<\/strong>\u00a015-30 mg (\u00bd-1 pelet)<\/p>\n<\/li>\n<li>\n<p class=\"ds-markdown-paragraph\"><strong>Maksimum ara\u015ft\u0131rma dozu:<\/strong>\u00a090mg\/24h (3 pelet)<\/p>\n<\/li>\n<li>\n<p class=\"ds-markdown-paragraph\"><strong>Aral\u0131k:<\/strong>\u00a0Dozlar aras\u0131nda en az 6 saat<\/p>\n<\/li>\n<\/ul>\n<hr \/>\n<h2><strong>Riskler ve G\u00fcvenlik \u00d6nlemleri<\/strong><\/h2>\n<p class=\"ds-markdown-paragraph\">\u26a0\u00a0<strong>Solunum Depresyonu Riski<\/strong><\/p>\n<ul>\n<li>\n<p class=\"ds-markdown-paragraph\">Di\u011fer MSS depresanlar\u0131yla asla birle\u015ftirmeyin<\/p>\n<\/li>\n<\/ul>\n<p class=\"ds-markdown-paragraph\">\u26a0\u00a0<strong>Ba\u011f\u0131ml\u0131l\u0131k potansiyeli<\/strong><\/p>\n<ul>\n<li>\n<p class=\"ds-markdown-paragraph\">Haftada en fazla 3 kez kullan\u0131m\u0131 s\u0131n\u0131rlay\u0131n<\/p>\n<\/li>\n<\/ul>\n<p class=\"ds-markdown-paragraph\">\u26a0\u00a0<strong>Yan Etkiler Olas\u0131d\u0131r<\/strong><\/p>\n<ul>\n<li>\n<p class=\"ds-markdown-paragraph\">Bulant\u0131<\/p>\n<\/li>\n<li>\n<p class=\"ds-markdown-paragraph\">Kab\u0131zl\u0131k<\/p>\n<\/li>\n<li>\n<p class=\"ds-markdown-paragraph\">Histamin sal\u0131n\u0131m\u0131 (ka\u015f\u0131nt\u0131)<\/p>\n<\/li>\n<\/ul>\n<p class=\"ds-markdown-paragraph\">\u26a0\u00a0<strong>Yasal Durum<\/strong><\/p>\n<ul>\n<li>\n<p class=\"ds-markdown-paragraph\">Alt\u0131na d\u00fc\u015fmek\u00a0<strong>Afyon Yasas\u0131<\/strong>\u00a0Hollanda&#039;da<\/p>\n<\/li>\n<\/ul>\n<hr \/>\n<h2><strong>S\u0131k\u00e7a Sorulan Sorular (SSS)<\/strong><\/h2>\n<h3><strong>S: O-DSMT tramadol ile kar\u015f\u0131la\u015ft\u0131r\u0131ld\u0131\u011f\u0131nda nas\u0131ld\u0131r?<\/strong><\/h3>\n<p class=\"ds-markdown-paragraph\">A:<\/p>\n<div class=\"markdown-table-wrapper\">\n<table>\n<thead>\n<tr>\n<th>Parametre<\/th>\n<th>O-DSMT<\/th>\n<th>Tramadol<\/th>\n<\/tr>\n<\/thead>\n<tbody>\n<tr>\n<td>Potansiyel<\/td>\n<td>2-3 kat daha g\u00fc\u00e7l\u00fc<\/td>\n<td>Referans<\/td>\n<\/tr>\n<tr>\n<td>Eylemin s\u00fcresi<\/td>\n<td>6-8 saat<\/td>\n<td>4-6 saat<\/td>\n<\/tr>\n<tr>\n<td>SNRI etkisi<\/td>\n<td>Daha az belirgin<\/td>\n<td>Daha g\u00fc\u00e7l\u00fc<\/td>\n<\/tr>\n<\/tbody>\n<\/table>\n<\/div>\n<h3><strong>S: Burundan kullan\u0131m m\u00fcmk\u00fcn m\u00fcd\u00fcr?<\/strong><\/h3>\n<p class=\"ds-markdown-paragraph\">A:\u00a0<strong>Tavsiye edilmez<\/strong>\u00a0\u2013 Peletler \u00f6zellikle a\u011f\u0131z yoluyla kullan\u0131m i\u00e7in tasarlanm\u0131\u015ft\u0131r.<\/p>\n<h3><strong>S: Kazara yutulmas\u0131 durumunda ne olur?<\/strong><\/h3>\n<p class=\"ds-markdown-paragraph\">A:<\/p>\n<ol start=\"1\">\n<li>\n<p class=\"ds-markdown-paragraph\">Kusturmay\u0131n<\/p>\n<\/li>\n<li>\n<p class=\"ds-markdown-paragraph\">Acil t\u0131bbi yard\u0131m al\u0131n<\/p>\n<\/li>\n<li>\n<p class=\"ds-markdown-paragraph\">Y\u00fcksek riskli muayeneler i\u00e7in naloksonu haz\u0131r bulundurun<\/p>\n<\/li>\n<\/ol>\n<h3><strong>S: Peletleri nas\u0131l saklamal\u0131y\u0131m?<\/strong><\/h3>\n<p class=\"ds-markdown-paragraph\">A:\u00a0<strong>Hava ge\u00e7irmez, oda s\u0131cakl\u0131\u011f\u0131nda<\/strong>\u00a0\u2013 Raf \u00f6mr\u00fc 36 ayd\u0131r.<\/p>\n<hr \/>\n<h2><strong>Zarar Azaltma Tavsiyeleri<\/strong><\/h2>\n<p class=\"ds-markdown-paragraph\">\u2022\u00a0<strong>Asla birle\u015ftirmeyin<\/strong>\u00a0ile ilgili:<\/p>\n<ul>\n<li>\n<p class=\"ds-markdown-paragraph\">Alkol<\/p>\n<\/li>\n<li>\n<p class=\"ds-markdown-paragraph\">Benzodiazepinler<\/p>\n<\/li>\n<li>\n<p class=\"ds-markdown-paragraph\">Di\u011fer opioidler<br \/>\n\u2022\u00a0<strong>Doz g\u00fcnl\u00fc\u011f\u00fc<\/strong>\u00a0ayak uydurmak i\u00e7in<br \/>\n\u2022\u00a0<strong>Ara\u015ft\u0131rma protokol\u00fc<\/strong>\u00a0bir etik komitesi taraf\u0131ndan incelenmesini sa\u011flay\u0131n<\/p>\n<\/li>\n<\/ul>\n<p class=\"ds-markdown-paragraph\">*Sorumluluk Reddi: Yaln\u0131zca kontroll\u00fc ortamlarda bilimsel ara\u015ft\u0131rma ama\u00e7l\u0131d\u0131r. \u0130nsan t\u00fcketimi i\u00e7in uygun de\u011fildir. Sadece 21 ya\u015f ve \u00fczeri i\u00e7indir. \u00c7ocuklar\u0131n ve evcil hayvanlar\u0131n eri\u015femeyece\u011fi yerde saklay\u0131n.* <a href=\"https:\/\/researchchemicalstore.eu\/tr\/magaza\/iboga-ibogaine\/ibogaine-hclyi-cevrimici-satin-al\/\">ibogaine hcl&#039;yi \u00e7evrimi\u00e7i sat\u0131n al<\/a><a href=\"https:\/\/researchchemicalstore.eu\/tr\/magaza\/iboga-ibogaine\/iboga-kok-kabugu\/\">iboga k\u00f6k kabu\u011fu<\/a><a href=\"https:\/\/researchchemicalstore.eu\/tr\/magaza\/lizergamidler\/1cp-lsd\/\">1cp lsd<\/a><a href=\"https:\/\/researchchemicalstore.eu\/tr\/magaza\/pelet-icin-peletler\/o-dsmt-50-mg-peletler\/\">o-dsmt<\/a><a href=\"https:\/\/researchchemicalstore.eu\/tr\/magaza\/lizergamidler\/1vlsd\/\">1vlsd<\/a><\/p>","protected":false},"excerpt":{"rendered":"<h3>O-DSMT \u00f6zellikleri<\/h3>\n<p><strong>E\u015f anlaml\u0131s\u0131:<\/strong> <i>O-Desmetiltramadol, 3-(2-((dimetilamino)metil)-1-hidroksisikloheksil)fenol<\/i><br \/>\n<strong>CAS Numaras\u0131:<\/strong> 80456-81-1<br \/>\n<strong>Form\u00fcl:<\/strong> <span title=\"Karbon\">C<\/span><sub>15<\/sub><span title=\"Hidrojen\">H<\/span><sub>23<\/sub><span title=\"Azot\">N<\/span><span title=\"Oksijen\">O<\/span><sub>2<\/sub><br \/>\n<strong>Mol k\u00fctlesi:<\/strong> 249.354 g\/mol<br \/>\n<strong>Safl\u0131k:<\/strong>\u00a0&gt;97%<\/p>","protected":false},"featured_media":28834,"comment_status":"closed","ping_status":"closed","template":"","meta":[],"product_brand":[82],"product_cat":[337,420,336,324],"product_tag":[326,727,725,728,726,743,729,744,730],"class_list":{"0":"post-24864","1":"product","2":"type-product","3":"status-publish","4":"has-post-thumbnail","6":"product_brand-research-chemical","7":"product_cat-o-dsmt","8":"product_cat-o-dsmt-pellets","9":"product_cat-overig","10":"product_cat-pellets-for-pellet","11":"product_tag-nl","12":"product_tag-o-dsmt-ervaringen","13":"product_tag-o-dsmt","14":"product_tag-o-dsmt-bestellen","15":"product_tag-o-dsmt-kopen","16":"product_tag-o-dsmt-pellets","17":"product_tag-o-dsmt-psychonaut","18":"product_tag-o-dsmt-xl-pellets","19":"product_tag-what-is-o-dsmt","21":"first","22":"instock","23":"taxable","24":"shipping-taxable","25":"purchasable","26":"product-type-variable"},"_links":{"self":[{"href":"https:\/\/researchchemicalstore.eu\/tr\/wp-json\/wp\/v2\/product\/24864","targetHints":{"allow":["GET"]}}],"collection":[{"href":"https:\/\/researchchemicalstore.eu\/tr\/wp-json\/wp\/v2\/product"}],"about":[{"href":"https:\/\/researchchemicalstore.eu\/tr\/wp-json\/wp\/v2\/types\/product"}],"replies":[{"embeddable":true,"href":"https:\/\/researchchemicalstore.eu\/tr\/wp-json\/wp\/v2\/comments?post=24864"}],"version-history":[{"count":5,"href":"https:\/\/researchchemicalstore.eu\/tr\/wp-json\/wp\/v2\/product\/24864\/revisions"}],"predecessor-version":[{"id":26437,"href":"https:\/\/researchchemicalstore.eu\/tr\/wp-json\/wp\/v2\/product\/24864\/revisions\/26437"}],"wp:featuredmedia":[{"embeddable":true,"href":"https:\/\/researchchemicalstore.eu\/tr\/wp-json\/wp\/v2\/media\/28834"}],"wp:attachment":[{"href":"https:\/\/researchchemicalstore.eu\/tr\/wp-json\/wp\/v2\/media?parent=24864"}],"wp:term":[{"taxonomy":"product_brand","embeddable":true,"href":"https:\/\/researchchemicalstore.eu\/tr\/wp-json\/wp\/v2\/product_brand?post=24864"},{"taxonomy":"product_cat","embeddable":true,"href":"https:\/\/researchchemicalstore.eu\/tr\/wp-json\/wp\/v2\/product_cat?post=24864"},{"taxonomy":"product_tag","embeddable":true,"href":"https:\/\/researchchemicalstore.eu\/tr\/wp-json\/wp\/v2\/product_tag?post=24864"}],"curies":[{"name":"wp","href":"https:\/\/api.w.org\/{rel}","templated":true}]}}