{"id":27458,"date":"2025-09-02T16:57:33","date_gmt":"2025-09-02T16:57:33","guid":{"rendered":"https:\/\/researchchemicalstore.eu\/?post_type=product&#038;p=27458"},"modified":"2025-10-18T14:04:54","modified_gmt":"2025-10-18T14:04:54","slug":"benzokain-tozu-%e2%89%a599-0","status":"publish","type":"product","link":"https:\/\/researchchemicalstore.eu\/tr\/urun\/benzokain-tozu-%e2%89%a599-0\/","title":{"rendered":"Benzokain Tozu \u226599.0%"},"content":{"rendered":"<p data-start=\"433\" data-end=\"736\">Biz <strong data-start=\"437\" data-end=\"465\">Benzokain Tozu \u226599.0%<\/strong> \u0130la\u00e7, kozmetik ve end\u00fcstriyel uygulamalarda yayg\u0131n olarak kullan\u0131lan ultra saf, y\u00fcksek kaliteli bir hammaddedir. M\u00fckemmel kalitesi ve safl\u0131\u011f\u0131 sayesinde en kat\u0131 standartlar\u0131 kar\u015f\u0131lar ve \u00e7ok \u00e7e\u015fitli ama\u00e7lar i\u00e7in uygundur.<\/p>\n<p data-start=\"738\" data-end=\"768\"><strong data-start=\"738\" data-end=\"766\">Temel \u00d6zellikler:<\/strong><\/p>\n<ul data-start=\"769\" data-end=\"1018\">\n<li data-start=\"769\" data-end=\"791\">\n<p data-start=\"771\" data-end=\"791\">Safl\u0131k: \u226599.0%<\/p>\n<\/li>\n<li data-start=\"792\" data-end=\"829\">\n<p data-start=\"794\" data-end=\"829\">Form: \u0130nce beyaz kristal toz<\/p>\n<\/li>\n<li data-start=\"830\" data-end=\"930\">\n<p data-start=\"832\" data-end=\"930\">\u00c7\u00f6z\u00fcn\u00fcrl\u00fck: Alkol ve organik \u00e7\u00f6z\u00fcc\u00fclerde serbest\u00e7e \u00e7\u00f6z\u00fcn\u00fcr, suda az \u00e7\u00f6z\u00fcn\u00fcr<\/p>\n<\/li>\n<li data-start=\"931\" data-end=\"954\">\n<p data-start=\"933\" data-end=\"954\">CAS numaras\u0131: 94-09-7<\/p>\n<\/li>\n<li data-start=\"955\" data-end=\"984\">\n<p data-start=\"957\" data-end=\"984\">Molek\u00fcler form\u00fcl: C9H11NO2<\/p>\n<\/li>\n<li data-start=\"985\" data-end=\"1018\">\n<p data-start=\"987\" data-end=\"1018\">Molek\u00fcler a\u011f\u0131rl\u0131k: 165,19 g\/mol<\/p>\n<\/li>\n<\/ul>\n<p data-start=\"1020\" data-end=\"1039\"><strong data-start=\"1020\" data-end=\"1037\">Uygulamalar:<\/strong><\/p>\n<ul data-start=\"1040\" data-end=\"1298\">\n<li data-start=\"1040\" data-end=\"1132\">\n<p data-start=\"1042\" data-end=\"1132\">\u0130la\u00e7 end\u00fcstrisi: Kremlerde, jellerde ve spreylerde lokal anestezik olarak kullan\u0131l\u0131r<\/p>\n<\/li>\n<li data-start=\"1133\" data-end=\"1210\">\n<p data-start=\"1135\" data-end=\"1210\">Kozmetik sekt\u00f6r\u00fc: Ge\u00e7ici a\u011fr\u0131 kesici \u00fcr\u00fcnlerde kullan\u0131l\u0131r<\/p>\n<\/li>\n<li data-start=\"1211\" data-end=\"1298\">\n<p data-start=\"1213\" data-end=\"1298\">Ara\u015ft\u0131rma ve laboratuvarlar: Bilimsel ve analitik ama\u00e7lar i\u00e7in kullan\u0131labilir<\/p>\n<\/li>\n<\/ul>\n<p data-start=\"1300\" data-end=\"1462\"><strong data-start=\"1300\" data-end=\"1325\">Depolama ve G\u00fcvenlik:<\/strong><br data-start=\"1325\" data-end=\"1328\" \/>\u00dcr\u00fcn\u00fc serin ve kuru bir yerde, do\u011frudan g\u00fcne\u015f \u0131\u015f\u0131\u011f\u0131ndan ve nemden koruyarak saklay\u0131n\u0131z. Sadece profesyonel kullan\u0131m i\u00e7indir.<\/p>\n<h1 data-start=\"1469\" data-end=\"1533\"><strong data-start=\"1471\" data-end=\"1531\">S\u0131k\u00e7a Sorulan Sorular (Felemenk\u00e7e SSS + \u0130ngilizce A\u00e7\u0131klama)<\/strong><\/h1>\n<p data-start=\"1535\" data-end=\"1789\"><strong data-start=\"1535\" data-end=\"1567\">1. Benzokain Tozu Nedir?<\/strong><br data-start=\"1567\" data-end=\"1570\" \/>Benzokain, genellikle a\u011fr\u0131y\u0131 veya tahri\u015fi ge\u00e7ici olarak azaltmak i\u00e7in kullan\u0131lan lokal bir anesteziktir.<\/p>\n<p data-start=\"1791\" data-end=\"2058\"><strong data-start=\"1791\" data-end=\"1843\">2. Benzokain Tozu genellikle nas\u0131l kullan\u0131l\u0131r?<\/strong><br data-start=\"1843\" data-end=\"1846\" \/>Kremlerde, jellerde, spreylerde ve bazen de t\u0131bbi cihazlarda a\u011fr\u0131y\u0131 hafifletmek i\u00e7in kullan\u0131l\u0131r.<\/p>\n<p data-start=\"2060\" data-end=\"2360\"><strong data-start=\"2060\" data-end=\"2107\">3. Bu \u00fcr\u00fcn t\u00fcketime uygun mudur?<\/strong><br data-start=\"2107\" data-end=\"2110\" \/>Hay\u0131r, bu \u00fcr\u00fcn yaln\u0131zca profesyonel ve ara\u015ft\u0131rma ama\u00e7l\u0131 kullan\u0131ma y\u00f6neliktir. Do\u011frudan t\u00fcketime uygun de\u011fildir.<\/p>\n<p data-start=\"2362\" data-end=\"2596\"><strong data-start=\"2362\" data-end=\"2407\">4. Benzokain Tozunu nas\u0131l saklamal\u0131y\u0131m?<\/strong><br data-start=\"2407\" data-end=\"2410\" \/>\u00c7ocuklar\u0131n ve evcil hayvanlar\u0131n eri\u015femeyece\u011fi, serin, kuru ve a\u011fz\u0131 s\u0131k\u0131ca kapal\u0131 bir yerde saklay\u0131n\u0131z.<\/p>\n<p data-start=\"2598\" data-end=\"2816\"><strong data-start=\"2598\" data-end=\"2657\">5. Bu \u00fcr\u00fcn\u00fc az miktarda sipari\u015f edebilir miyim?<\/strong><br data-start=\"2657\" data-end=\"2660\" \/>Evet, ihtiya\u00e7lar\u0131n\u0131za ba\u011fl\u0131 olarak esnek sipari\u015f miktarlar\u0131 sunuyoruz.<\/p>\n<p data-start=\"2818\" data-end=\"3078\"><strong data-start=\"2818\" data-end=\"2866\">6. Bu \u00fcr\u00fcn\u00fc kaliteli yapan nedir?<\/strong><br data-start=\"2866\" data-end=\"2869\" \/>\u226599.0% safl\u0131\u011f\u0131 \u00e7e\u015fitli uygulamalarda g\u00fcvenilirlik ve tutarl\u0131 performans sa\u011flar.<\/p>","protected":false},"excerpt":{"rendered":"<p>Ons Benzoca\u00efne Poeder \u226599.0% is een ultrazuivere, hoogwaardige grondstof die veel wordt gebruikt in farmaceutische, cosmetische en industri\u00eble toepassingen. Dankzij<\/p>","protected":false},"featured_media":28738,"comment_status":"open","ping_status":"closed","template":"","meta":[],"product_brand":[],"product_cat":[1085],"product_tag":[],"class_list":{"0":"post-27458","1":"product","2":"type-product","3":"status-publish","4":"has-post-thumbnail","6":"product_cat-okategoriserad","8":"first","9":"instock","10":"taxable","11":"shipping-taxable","12":"purchasable","13":"product-type-variable"},"_links":{"self":[{"href":"https:\/\/researchchemicalstore.eu\/tr\/wp-json\/wp\/v2\/product\/27458","targetHints":{"allow":["GET"]}}],"collection":[{"href":"https:\/\/researchchemicalstore.eu\/tr\/wp-json\/wp\/v2\/product"}],"about":[{"href":"https:\/\/researchchemicalstore.eu\/tr\/wp-json\/wp\/v2\/types\/product"}],"replies":[{"embeddable":true,"href":"https:\/\/researchchemicalstore.eu\/tr\/wp-json\/wp\/v2\/comments?post=27458"}],"version-history":[{"count":2,"href":"https:\/\/researchchemicalstore.eu\/tr\/wp-json\/wp\/v2\/product\/27458\/revisions"}],"predecessor-version":[{"id":27974,"href":"https:\/\/researchchemicalstore.eu\/tr\/wp-json\/wp\/v2\/product\/27458\/revisions\/27974"}],"wp:featuredmedia":[{"embeddable":true,"href":"https:\/\/researchchemicalstore.eu\/tr\/wp-json\/wp\/v2\/media\/28738"}],"wp:attachment":[{"href":"https:\/\/researchchemicalstore.eu\/tr\/wp-json\/wp\/v2\/media?parent=27458"}],"wp:term":[{"taxonomy":"product_brand","embeddable":true,"href":"https:\/\/researchchemicalstore.eu\/tr\/wp-json\/wp\/v2\/product_brand?post=27458"},{"taxonomy":"product_cat","embeddable":true,"href":"https:\/\/researchchemicalstore.eu\/tr\/wp-json\/wp\/v2\/product_cat?post=27458"},{"taxonomy":"product_tag","embeddable":true,"href":"https:\/\/researchchemicalstore.eu\/tr\/wp-json\/wp\/v2\/product_tag?post=27458"}],"curies":[{"name":"wp","href":"https:\/\/api.w.org\/{rel}","templated":true}]}}